{"id":2362,"date":"2022-12-18T21:15:34","date_gmt":"2022-12-18T21:15:34","guid":{"rendered":"https:\/\/krishnamurtitextos.com.br\/?page_id=2362"},"modified":"2022-12-18T21:15:58","modified_gmt":"2022-12-18T21:15:58","slug":"pama-patwardhan","status":"publish","type":"page","link":"https:\/\/krishnamurtitextos.com.br\/?page_id=2362","title":{"rendered":"Pama Patwardhan"},"content":{"rendered":"\t\t<div data-elementor-type=\"wp-page\" data-elementor-id=\"2362\" class=\"elementor elementor-2362\">\n\t\t\t\t\t\t<section class=\"elementor-section elementor-top-section elementor-element elementor-element-76e36c25 elementor-section-boxed elementor-section-height-default elementor-section-height-default\" data-id=\"76e36c25\" data-element_type=\"section\" data-e-type=\"section\">\n\t\t\t\t\t\t<div class=\"elementor-container elementor-column-gap-default\">\n\t\t\t\t\t<div class=\"elementor-column elementor-col-100 elementor-top-column elementor-element elementor-element-7fd1c279\" data-id=\"7fd1c279\" data-element_type=\"column\" data-e-type=\"column\">\n\t\t\t<div class=\"elementor-widget-wrap elementor-element-populated\">\n\t\t\t\t\t\t<div class=\"elementor-element elementor-element-73a91d9d elementor-widget elementor-widget-text-editor\" data-id=\"73a91d9d\" data-element_type=\"widget\" data-e-type=\"widget\" data-widget_type=\"text-editor.default\">\n\t\t\t\t<div class=\"elementor-widget-container\">\n\t\t\t\t\t\t\t\t\t<p style=\"text-align: center;\"><strong>Pama Patwardhan<\/strong><\/p><p style=\"text-align: center;\">EDITOR E SECRET\u00c1RIO DA FUNDA\u00c7\u00c3O KRISHNAMURTI DA \u00cdNDIA<\/p><p>\u00a0<\/p><p>EB: Perguntaram a Krishnamurti se uma pessoa comum poderia entend\u00ea-lo. O que ele respondeu?<\/p><p>PP: Pela forma que ele revelava seus ensinamentos, acho que pretendia que qualquer pessoa, sem qualquer aprendizado ou conhecimento especial, fosse capaz de absorver e trabalhar seus ensinamentos. Ele sentia que aqueles especializados em filosofia ou em qualquer \u00e1rea espec\u00edfica haviam se tornado acad\u00eamicos, e para eles seria dif\u00edcil compreender e absorver seus ensinamentos. Negar seu conhecimento e escutar de verdade a Krishnamurti era algo dif\u00edcil para uma pessoa estudada. Devido a seu aprendizado, ela compararia, contrastaria, avaliaria. Ela realmente n\u00e3o escutava. Penso que uma pessoa comum seria capaz de compreender o que Krishnaji dizia melhor do que uma pessoa estudada.<\/p><p>EB: O que Krishnamurti pensava quanto a a\u00e7\u00e3o social?<\/p><p>PP: Na \u00cdndia, as pessoas t\u00eam tido dificuldade em entender sua posi\u00e7\u00e3o quanto a a\u00e7\u00e3o social. H\u00e1 tanta desigualdade, tanta mis\u00e9ria, tanto sofrimento, tanta priva\u00e7\u00e3o que qualquer pessoa sens\u00edvel, qualquer pessoa com uma vis\u00e3o global consideraria que o caminho da a\u00e7\u00e3o social \u00e9 o certo.\u00a0 Essa quest\u00e3o surgiu especialmente durante o Movimento Bhoodan, \u201cde volta \u00e0 terra\u201d, de Vinoba Bhave. Ele havia iniciado sua excurs\u00e3o a p\u00e9 na \u00cdndia por doa\u00e7\u00e3o de terra, declarando que \u201ca terra, assim como a \u00e1gua, n\u00e3o poderia ser propriedade de ningu\u00e9m\u201d, que pessoas com excesso de terra deveriam doar terras. Ele estava atraindo muitos seguidores. Krishnaji sentia fortemente que esse tipo de a\u00e7\u00e3o social era f\u00fatil, que n\u00e3o produziria as mudan\u00e7as b\u00e1sicas que os ativistas sociais tinham em mente. Seria sempre uma terra de mudan\u00e7a est\u00e9tica, perif\u00e9rica. Aqueles que recorrem \u00e0 a\u00e7\u00e3o social, ele tamb\u00e9m sentia, eram diferentes \u00e0 medida que tinham grande potencial, grande sensibilidade pelo homem comum devido a seu sofrimento. Ao inv\u00e9s de recorrer \u00e0 a\u00e7\u00e3o, se eles recorressem \u00e0 uma mudan\u00e7a fundamental na psique humana, seriam capazes de chegar realmente \u00e0 raiz do problema. Descobrimos que o que ele dizia era verdade.<\/p><p>Eu e minha fam\u00edlia est\u00e1vamos profundamente envolvidos com a\u00e7\u00f5es pol\u00edticas pelo movimento livre e pela a\u00e7\u00e3o social em prol da redistribui\u00e7\u00e3o das terras. N\u00e3o consegu\u00edamos entender o porqu\u00ea de Krishnaji ser t\u00e3o contr\u00e1rio a tudo aquilo e, entre n\u00f3s, costum\u00e1vamos dizer, \u201cBem, h\u00e1 algo que Krishnaji est\u00e1 falando sobre o qual n\u00e3o entendemos\u201d. Por\u00e9m, ap\u00f3s vinte e cinco anos, todos aqueles movimentos falharam, nada resultou deles. Vimos com nossos pr\u00f3prios olhos a verdade da qual ele falava. Est\u00e1vamos distantes de nosso objetivo. O movimento n\u00e3o produziu qualquer resultado esperado. Teria sido muito melhor se tiv\u00e9ssemos nos voltado para o problema b\u00e1sico da mis\u00e9ria humana, que \u00e9 se voltar para o interior, que \u00e9 ir \u00e0 raiz do problema em si mesmo ao inv\u00e9s de tentar mudar a sociedade. Por\u00e9m, quando h\u00e1 pobreza a nosso redor, n\u00e3o podemos simplesmente dizer que estamos trabalhando em n\u00f3s mesmos e fazer nada.<\/p><p>Entretanto, Kishnamurti sempre dizia que devemos manter nosso quarto limpo, que temos um certo dever. Devemos a n\u00f3s mesmos e \u00e0 sociedade fazer o que quer que seja poss\u00edvel para corrigir a desigualdade, a mis\u00e9ria das pessoas a nosso redor. Mas n\u00e3o podemos fazer disso o foco de nossas a\u00e7\u00f5es e vidas, sabendo que o foco est\u00e1 em nosso interior. A n\u00e3o ser que o centro esteja em sil\u00eancio, a n\u00e3o ser que entendamos as v\u00e1rias causas da mis\u00e9ria, agir meramente no exterior \u00e9 em v\u00e3o.<\/p><p>EB: Qual foi o impacto dos ensinamentos de Krishnamurti em sua vida?<\/p><p>PP: O impacto tem sido t\u00e3o tremendo, t\u00e3o profundo. Embora eu escutasse Krishnaji desde 1948, passei a ter muito mais contato com ele quando me tornei secret\u00e1rio da Funda\u00e7\u00e3o em 1976. Acho que depois disso o impacto foi t\u00e3o grande que n\u00e3o sou mais a mesma pessoa.<\/p><p>Eu costumava ser competitivo no trabalho. Eu n\u00e3o estava ciente de muitos problemas da vida em geral ou de minha pr\u00f3pria vida. Fechei-me ao me tornar insens\u00edvel, o que eu n\u00e3o sabia na \u00e9poca. Agora, quando olho pra tr\u00e1s, vejo como havia me fechado, tornando-me egoc\u00eantrico. Mas quando me aproximei de Krishaji, ele apontava coisas, e eu me orientava completamente para compreender os ensinamentos. Agora vejo que n\u00e3o sou o mesmo homem. N\u00e3o estou afirmando que me transformei ou algo assim, mas acho que sou muito mais sens\u00edvel.<\/p><p>Estou distante de muita confus\u00e3o, do conflito, da mis\u00e9ria com os quais os homens geralmente se envolvem. Acho que os ensinamentos me afetaram profundamente. T\u00eam sido algo enorme para mim. Acho que se uma pessoa puder dar aten\u00e7\u00e3o ao que Krishnaji fala, toda a qualidade de sua vida ser\u00e1 diferente, ser\u00e1 um ser humano melhor.<\/p><p>\u00a0<\/p>\t\t\t\t\t\t\t\t<\/div>\n\t\t\t\t<\/div>\n\t\t\t\t\t<\/div>\n\t\t<\/div>\n\t\t\t\t\t<\/div>\n\t\t<\/section>\n\t\t\t\t<\/div>\n\t\t","protected":false},"excerpt":{"rendered":"<p>Pama Patwardhan EDITOR E SECRET\u00c1RIO DA FUNDA\u00c7\u00c3O KRISHNAMURTI DA \u00cdNDIA \u00a0 EB: Perguntaram a Krishnamurti se uma pessoa comum poderia entend\u00ea-lo. O que ele respondeu? PP: Pela forma que ele revelava seus ensinamentos, acho que pretendia que qualquer pessoa, sem qualquer aprendizado ou conhecimento especial, fosse capaz de absorver e trabalhar seus ensinamentos. Ele sentia [&hellip;]<\/p>\n","protected":false},"author":1,"featured_media":0,"parent":0,"menu_order":0,"comment_status":"closed","ping_status":"closed","template":"elementor_canvas","meta":{"footnotes":""},"class_list":["post-2362","page","type-page","status-publish","hentry","entry"],"_links":{"self":[{"href":"https:\/\/krishnamurtitextos.com.br\/index.php?rest_route=\/wp\/v2\/pages\/2362","targetHints":{"allow":["GET"]}}],"collection":[{"href":"https:\/\/krishnamurtitextos.com.br\/index.php?rest_route=\/wp\/v2\/pages"}],"about":[{"href":"https:\/\/krishnamurtitextos.com.br\/index.php?rest_route=\/wp\/v2\/types\/page"}],"author":[{"embeddable":true,"href":"https:\/\/krishnamurtitextos.com.br\/index.php?rest_route=\/wp\/v2\/users\/1"}],"replies":[{"embeddable":true,"href":"https:\/\/krishnamurtitextos.com.br\/index.php?rest_route=%2Fwp%2Fv2%2Fcomments&post=2362"}],"version-history":[{"count":4,"href":"https:\/\/krishnamurtitextos.com.br\/index.php?rest_route=\/wp\/v2\/pages\/2362\/revisions"}],"predecessor-version":[{"id":2369,"href":"https:\/\/krishnamurtitextos.com.br\/index.php?rest_route=\/wp\/v2\/pages\/2362\/revisions\/2369"}],"wp:attachment":[{"href":"https:\/\/krishnamurtitextos.com.br\/index.php?rest_route=%2Fwp%2Fv2%2Fmedia&parent=2362"}],"curies":[{"name":"wp","href":"https:\/\/api.w.org\/{rel}","templated":true}]}}