{"id":2351,"date":"2022-12-18T21:14:25","date_gmt":"2022-12-18T21:14:25","guid":{"rendered":"https:\/\/krishnamurtitextos.com.br\/?page_id=2351"},"modified":"2022-12-18T21:14:58","modified_gmt":"2022-12-18T21:14:58","slug":"professor-p-krishna","status":"publish","type":"page","link":"https:\/\/krishnamurtitextos.com.br\/?page_id=2351","title":{"rendered":"Professor P. Krishna"},"content":{"rendered":"\t\t<div data-elementor-type=\"wp-page\" data-elementor-id=\"2351\" class=\"elementor elementor-2351\">\n\t\t\t\t\t\t<section class=\"elementor-section elementor-top-section elementor-element elementor-element-4606d141 elementor-section-boxed elementor-section-height-default elementor-section-height-default\" data-id=\"4606d141\" data-element_type=\"section\" data-e-type=\"section\">\n\t\t\t\t\t\t<div class=\"elementor-container elementor-column-gap-default\">\n\t\t\t\t\t<div class=\"elementor-column elementor-col-100 elementor-top-column elementor-element elementor-element-4af3eefc\" data-id=\"4af3eefc\" data-element_type=\"column\" data-e-type=\"column\">\n\t\t\t<div class=\"elementor-widget-wrap elementor-element-populated\">\n\t\t\t\t\t\t<div class=\"elementor-element elementor-element-62b64bc2 elementor-widget elementor-widget-text-editor\" data-id=\"62b64bc2\" data-element_type=\"widget\" data-e-type=\"widget\" data-widget_type=\"text-editor.default\">\n\t\t\t\t<div class=\"elementor-widget-container\">\n\t\t\t\t\t\t\t\t\t<p style=\"text-align: center;\"><strong>Professor P. Krishna<\/strong><\/p><p style=\"text-align: center;\">CENTRO EDUCACIONAL RAJGHAT, VARANASI, \u00cdNDIA<\/p><p>\u00a0<\/p><p>A primeira vez que me deparei com os ensinamentos de Krishnamurti foi quando eu ainda era estudante, aos dezesseis anos. Foi com um pequeno panfleto que descrevia suas palestras para jovens estudantes da \u00cdndia. O que me atraiu foi sua abordagem direta, a simplicidade do que falava e o fato de lidar com quest\u00f5es do dia a dia. N\u00e3o era um discurso abstrato e filos\u00f3fico do tipo com o qual nos deparamos quando conversamos com um professor de filosofia. Senti grande interesse e, ao longo de minha leitura, descobri que v\u00e1rias quest\u00f5es que vinham surgindo em minha mente adolescente eram discutidas naquele livreto. Encontrei uma abordagem muito inteligente e realista que me atraiu para essas quest\u00f5es. Por exemplo, Krishnamurti fazia questionamentos simples, tal como, \u201cPor que voc\u00ea levanta quando o professor entra na sala? Por que se veste assim? Por que coloca uma\u00a0<em>tika\u00a0<\/em>na testa? Por que pratica o puja? O respeito \u00e9 uma forma de medo?\u201d Ele questionava tudo a seu redor e do cotidiano. Isso gerou em mim grande interesse pois eu sentia que n\u00e3o compreendia o modo que eu estava vivendo. Conforme eu lia mais, descobria cada vez mais coisas que me agradavam. Por exemplo, aprendi com seus ensinamentos que a verdadeira transforma\u00e7\u00e3o tem que vir de dentro e n\u00e3o do exterior. Assim, n\u00e3o \u00e9 a pr\u00e1tica da virtude que \u00e9 importante, mas sim ser virtuoso. Praticar atos de bondade n\u00e3o \u00e9 importante. O importante \u00e9 ser bondoso em seu interior, e h\u00e1 uma diferen\u00e7a entre os dois. \u00c9 algo que n\u00e3o havia me ocorrido antes, porque todas religi\u00f5es nos pediam para levar uma vida virtuosa e descreviam a virtude em termos de a\u00e7\u00f5es virtuosas. Ali estava um homem dizendo que a pr\u00e1tica n\u00e3o \u00e9 tudo, que a n\u00e3o ser que sejamos bondosos em nosso interior, praticar atos de bondade produz apenas uma dicotomia entre o que somos e o que queremos ser, e esse conflito nos perturba.<\/p><p>Aprendi sobre Krishnamurti no livro e ent\u00e3o o conheci. Achei-o bem diferente da imagem de um santo imperturb\u00e1vel que minha mente havia constru\u00eddo. Conhec\u00ea-lo provocou muitos questionamentos em minha mente.<\/p><p>Em segundo lugar, os ensinamentos de Krishnamurti abalaram minha f\u00e9 na raz\u00e3o. At\u00e9 me deparar com ele, acreditava que se fosse bem racional e pudesse racionalizar as coisas bem, poderia alcan\u00e7ar qualquer coisa. Ap\u00f3s ler seus trabalhos, aprendi a questionar isso, porque seus ensinamentos me mostraram claramente que nossa mente costuma funcionar como nosso advogado particular, justificando e defendendo qualquer opini\u00e3o com a qual se identifica. \u00c9 comum nos identificarmos com uma vis\u00e3o que nos conv\u00e9m e a mente encontrar todo tipo de raz\u00e3o para provar que \u00e9 virtuosa. Isso nos leva a pensar que estamos fazendo a coisa certa enquanto, na verdade, estamos fazendo o que desejamos fazer.<\/p><p>Ficou claro para mim que apenas aprimorar o intelecto, aprender cada vez mais sobre filosofia ou ler as opini\u00f5es de diferentes pessoas n\u00e3o faz muito. Um mero entendimento intelectual n\u00e3o nos transforma. Um professor de filosofia n\u00e3o \u00e9 t\u00e3o diferente de um professor de f\u00edsica ou de qualquer outro indiv\u00edduo. Na verdade, Krishnamurti ressalta esse ponto com muita clareza, que o problema \u00e9 o mesmo para todos os seres humanos, do homem mais pobre ao maior empres\u00e1rio, ao fil\u00f3sofo, ao homem religioso. Todos enfrentam os mesmos problemas psicol\u00f3gicos. Est\u00e3o todos tentando conquistar algo e se frustram quando n\u00e3o conseguem.<\/p><p>Quando o conheci, vi com meus pr\u00f3prios olhos que ele n\u00e3o era como um intelectual comum dando uma boa palestra ou em uma aula muito instrutiva, ou algu\u00e9m que pudesse analisar as coisas de maneira melhor do que os outros, mas sim um profeta que estava realmente vivendo seus ensinamentos. Isso fez toda a diferen\u00e7a para mim. Agora, n\u00e3o est\u00e1vamos falando com um professor ou um fil\u00f3sofo, mas est\u00e1vamos na presen\u00e7a de um profeta que havia visto o que ele queria que os outros vissem, que disse n\u00e3o poder compartilhar suas percep\u00e7\u00f5es, que os outros devem descobri-las por si mesmos. N\u00e3o h\u00e1 autoridade em um mundo que possa nos fornecer a percep\u00e7\u00e3o, e isso me levou a perceber que n\u00e3o devo olhar para os outros, devo ficar de p\u00e9 com meus pr\u00f3prios p\u00e9s e ver a verdade dentro de mim. O efeito b\u00e1sico dos ensinamentos de Krishnamurti \u00e9 abrir as portas e as janelas de nossa mente. Se n\u00e3o as fecharmos novamente, continuamos aprendendo no decorrer da vida \u2014 vivemos com perguntas ao inv\u00e9s de viver com respostas.<\/p><p>\u00a0<\/p>\t\t\t\t\t\t\t\t<\/div>\n\t\t\t\t<\/div>\n\t\t\t\t\t<\/div>\n\t\t<\/div>\n\t\t\t\t\t<\/div>\n\t\t<\/section>\n\t\t\t\t<\/div>\n\t\t","protected":false},"excerpt":{"rendered":"<p>Professor P. Krishna CENTRO EDUCACIONAL RAJGHAT, VARANASI, \u00cdNDIA \u00a0 A primeira vez que me deparei com os ensinamentos de Krishnamurti foi quando eu ainda era estudante, aos dezesseis anos. Foi com um pequeno panfleto que descrevia suas palestras para jovens estudantes da \u00cdndia. O que me atraiu foi sua abordagem direta, a simplicidade do que [&hellip;]<\/p>\n","protected":false},"author":1,"featured_media":0,"parent":0,"menu_order":0,"comment_status":"closed","ping_status":"closed","template":"elementor_canvas","meta":{"footnotes":""},"class_list":["post-2351","page","type-page","status-publish","hentry","entry"],"_links":{"self":[{"href":"https:\/\/krishnamurtitextos.com.br\/index.php?rest_route=\/wp\/v2\/pages\/2351","targetHints":{"allow":["GET"]}}],"collection":[{"href":"https:\/\/krishnamurtitextos.com.br\/index.php?rest_route=\/wp\/v2\/pages"}],"about":[{"href":"https:\/\/krishnamurtitextos.com.br\/index.php?rest_route=\/wp\/v2\/types\/page"}],"author":[{"embeddable":true,"href":"https:\/\/krishnamurtitextos.com.br\/index.php?rest_route=\/wp\/v2\/users\/1"}],"replies":[{"embeddable":true,"href":"https:\/\/krishnamurtitextos.com.br\/index.php?rest_route=%2Fwp%2Fv2%2Fcomments&post=2351"}],"version-history":[{"count":4,"href":"https:\/\/krishnamurtitextos.com.br\/index.php?rest_route=\/wp\/v2\/pages\/2351\/revisions"}],"predecessor-version":[{"id":2358,"href":"https:\/\/krishnamurtitextos.com.br\/index.php?rest_route=\/wp\/v2\/pages\/2351\/revisions\/2358"}],"wp:attachment":[{"href":"https:\/\/krishnamurtitextos.com.br\/index.php?rest_route=%2Fwp%2Fv2%2Fmedia&parent=2351"}],"curies":[{"name":"wp","href":"https:\/\/api.w.org\/{rel}","templated":true}]}}