{"id":2329,"date":"2022-12-18T21:06:53","date_gmt":"2022-12-18T21:06:53","guid":{"rendered":"https:\/\/krishnamurtitextos.com.br\/?page_id=2329"},"modified":"2022-12-18T21:07:16","modified_gmt":"2022-12-18T21:07:16","slug":"michael-krohnen","status":"publish","type":"page","link":"https:\/\/krishnamurtitextos.com.br\/?page_id=2329","title":{"rendered":"Michael Krohnen"},"content":{"rendered":"\t\t<div data-elementor-type=\"wp-page\" data-elementor-id=\"2329\" class=\"elementor elementor-2329\">\n\t\t\t\t\t\t<section class=\"elementor-section elementor-top-section elementor-element elementor-element-34ccf3c4 elementor-section-boxed elementor-section-height-default elementor-section-height-default\" data-id=\"34ccf3c4\" data-element_type=\"section\" data-e-type=\"section\">\n\t\t\t\t\t\t<div class=\"elementor-container elementor-column-gap-default\">\n\t\t\t\t\t<div class=\"elementor-column elementor-col-100 elementor-top-column elementor-element elementor-element-41c4b130\" data-id=\"41c4b130\" data-element_type=\"column\" data-e-type=\"column\">\n\t\t\t<div class=\"elementor-widget-wrap elementor-element-populated\">\n\t\t\t\t\t\t<div class=\"elementor-element elementor-element-7efd68a9 elementor-widget elementor-widget-text-editor\" data-id=\"7efd68a9\" data-element_type=\"widget\" data-e-type=\"widget\" data-widget_type=\"text-editor.default\">\n\t\t\t\t<div class=\"elementor-widget-container\">\n\t\t\t\t\t\t\t\t\t<p style=\"text-align: center;\"><strong>Michael Krohnen<\/strong><\/p><p style=\"text-align: center;\">CHEFE DE COZINHA, KREFELD, ALEMANHA<\/p><p>\u00a0<\/p><p>Foi ap\u00f3s anos de contato di\u00e1rio com Krishnamurti que eu vim a descobrir totalmente e a apreciar os aspectos cativantes de sua personalidade. Ele estendia cuidado e carinho genu\u00ednos \u00e0queles ao seu redor. Sua amizade, para mim e para muitos outros, era honesta e sem pretens\u00f5es e transmitia uma maravilhosa sensa\u00e7\u00e3o de liberdade e alegria.<\/p><p>O que eu mais amava nele era sua risada e seu senso de humor, o que abrangia todo o espectro da vida humana. Na mesa de almo\u00e7o em Ojai, onde eu o encontrava com mais frequ\u00eancia, ele constantemente exibia seu riso contagioso. Mesmo durante suas falas p\u00fablicas diante de milhares de pessoas e durante os di\u00e1logos mais investigativos com cientistas e acad\u00eamicos ele conseguia introduzir um humor alegre, irradiando sobre as ironias e os absurdos da vida.<\/p><p>Mas ele n\u00e3o parou a\u00ed. Ele tamb\u00e9m estava mais que disposto a rir de si mesmo e das situa\u00e7\u00f5es absurdas nas quais ele se encontrava as vezes. Em p\u00fablico e no privado, ele se referia a si mesmo como \u201co pobre coitado no palco\u201d, ou \u201co velho\u201d, e gostava de contar hist\u00f3rias divertidas de sua vida incomum. Todas elas eram anedotas encantadoras de seu dia a dia que zombavam gentilmente n\u00e3o apenas dos outros, mas tamb\u00e9m dele mesmo. Uma vez, no almo\u00e7o na \u00e9poca das palestras p\u00fablicas em Ojai, est\u00e1vamos discutindo a estima e adora\u00e7\u00e3o excessiva \u00e0s quais ele frequentemente se via sujeito. De repente, Krishnamurti caiu em uma gargalhada alegre e libertadora, exclamando, \u201cTudo isso \u00e9 t\u00e3o louco, tudo isso \u00e9 absolutamente absurdo.\u201d<\/p><p>Eu estava sentada ao lado dele e prontamente me juntei a sua risada desinibida, embora n\u00e3o estivesse totalmente claro para a mim o que ele quis dizer exatamente por \u2018isso\u2019. Depois que nossa euforia passou um pouco, eu o perguntei, \u201cSenhor, o que voc\u00ea quer dizer com \u2018Tudo isso\u2019? Voc\u00ea quer dizer as conversas e tudo isso?\u201d E fiz um gesto amplo em dire\u00e7\u00e3o aos outros convidados \u00e0 mesa, incluindo toda a situa\u00e7\u00e3o.<\/p><p>Suas l\u00e1grimas de tanto rir ainda estavam em seus olhos quando se virou para mim. \u201cSim, senhor. Tudo, e todo o circo sobre ele,\u201d ele respondeu com um sorriso travesso, apontando para si mesmo. Todos \u00e0 mesa, aproximadamente seis pessoas, compartilharam mais uma rodada de riso exuberante, na qual se misturava a pura alegria de viver.<\/p><p>Nas palestras em San Diego, em 1970, ele respondeu a perguntas sobre sua defini\u00e7\u00e3o de humor dizendo, \u201cSuponho que seja realmente rir de si mesmo. Temos tantas l\u00e1grimas em nossos cora\u00e7\u00f5es, tanta mis\u00e9ria\u2026 apenas olhar para n\u00f3s mesmos rindo, observar com clareza, com seriedade e ainda assim rindo, se poss\u00edvel.<\/p><p>Apenas meses antes de sua morte, em 1986, ele frisou, \u201cRir \u00e9 parte da seriedade, n\u00e3o \u00e9? Se voc\u00ea n\u00e3o sabe rir e olhar para o sol, as \u00e1rvores, a luz falha e tudo mais, bem, voc\u00ea j\u00e1 est\u00e1 meio morto, voc\u00ea n\u00e3o \u00e9 exatamente um ser humano. Se voc\u00ea n\u00e3o \u00e9 s\u00e9rio religiosamente \u2014 apenas aos domingos \u2014 ent\u00e3o n\u00e3o \u00e9 s\u00e9rio. Eu quero dizer risada, um sorriso, aquele senso de humor e apreciar boas piadas, n\u00e3o piadas vulgares, mas piadas realmente boas.\u201d<\/p><p>Percebi seu refinado senso de humor como o aspecto alegre da extraordin\u00e1ria intelig\u00eancia que ele manifestava. Isso impregnava sua pessoa e palestras com um lado humano caloroso sem o qual as pessoas poderiam facilmente se sentir intimidadas pela elevada ou mesmo majestosa qualidade do que ele dizia e pela sua apresenta\u00e7\u00e3o as vezes austera. Ap\u00f3s fornecer uma percep\u00e7\u00e3o bastante incisiva sobre a situa\u00e7\u00e3o humana existente em uma escala global, com seu medo e sofrimento assustadores, ele inesperadamente contava uma hist\u00f3ria curta impressionante ou uma de suas piadas. Era um toque de cura atrav\u00e9s do qual, de uma vez, tudo se acertava novamente, curava-se atrav\u00e9s do poder libertador de um riso compartilhado \u2014 como se de repente todos n\u00f3s nos torn\u00e1ssemos cientes de uma grande piada c\u00f3smica.<\/p><p>As piadas que ele recontava primorosamente com tamanho prazer eram predominantemente de natureza religiosa ou pol\u00edtica, isto \u00e9, tratavam de temas como para\u00edso e inferno, Deus e o diabo, o Papa, S\u00e3o Pedro e Jesus, iogues e gurus, e pol\u00edticos. Krishnamurti provavelmente teria se oposto a uma an\u00e1lise de suas piadas, ou qualquer tentativa de conferir um significado maior a elas. \u00c9 claro, eram \u201capenas\u201d piadas, nada al\u00e9m disso \u2014 mas uma piada, sua apresenta\u00e7\u00e3o e aprecia\u00e7\u00e3o tamb\u00e9m manifestam um estado mental. As piadas de Krishnamurti, eu acho, revelavam a natureza do pensamento humano, suas supersti\u00e7\u00f5es absurdas e incongruentes, sua propens\u00e3o a criar sistemas de cren\u00e7a, dogmas e autoridades espirituais, e suas formas desonestas de estabelecer e defender um centro com seu \u201cinteresse pessoal\u201d. Elas lidavam divertida e supersticiosamente com os absurdos e ironias de nossa era, velhas tradi\u00e7\u00f5es e de nosso cotidiano.<\/p><p>Penso que foi mais do que uma coincid\u00eancia que um dos discursos mais celebrados de Krishnamurti, que dissolveu formalmente a organiza\u00e7\u00e3o mundial criada para ele como professor mundial, tenha come\u00e7ado com uma piada, uma circunst\u00e2ncia negligenciada por seus bi\u00f3grafos. O discurso dado por Krishnamurti em Ommen Camp, nos Pa\u00edses Baixos em agosto de 1929, extinguiu a \u201cOrdem da Estrela\u201d e \u00e9 mais conhecido por sua frase comovente, \u201cA verdade \u00e9 uma terra sem caminho.\u201d Na verdade, Krishnamurti repetiu a piada contada na ocasi\u00e3o muitas vezes ao longo de sua vida, modificando-a levemente \u00e0 medida que avan\u00e7ava.<\/p><p>Uma das \u00faltimas vezes que ele a contou em p\u00fablico, revelou que ele pr\u00f3prio havia pensado e inventado aproximadamente quarenta ou cinquenta anos atr\u00e1s. Foi provavelmente a \u00fanica piada criada por ele mesmo. Todas as outras ele havia ou ouvido de algu\u00e9m ou lido. Surpreendentemente, alguns dos principais temas de sua vida e ensinamento est\u00e3o inseridos nessa curta piada:\u00a0 a busca do homem pelas organiza\u00e7\u00f5es sagradas, verdadeiras e religiosas.<\/p><p>Segue ela em sua vers\u00e3o original de 1929: voc\u00eas podem se lembrar da hist\u00f3ria de como o diabo e um de seus amigos estavam descendo a rua quando viram a frente um homem se abaixar e pegar algo do ch\u00e3o, observar e guardar o objeto em seu bolso. O amigo disse ao diabo, \u201cO que ele pegou?\u201d \u201cEle pegou um peda\u00e7o de verdade,\u201d disse o diabo. \u201cUm p\u00e9ssimo neg\u00f3cio para voc\u00ea, ent\u00e3o,\u201d disse o amigo. \u201cAh, de modo algum,\u201d o diabo respondeu, \u201cVou deix\u00e1-lo organiz\u00e1-la.\u201d<\/p><p>Seu senso de humor inimit\u00e1vel e afetuoso, sua risada alegre refor\u00e7ava a humanidade de Krishnamurti e completava sua plenitude. Ao mesmo tempo, ele tinha o cuidado de notar o outro lado desregrado do riso que vem com muita facilidade. Durante a \u00faltima palestra dada em Oak Grove, em Ojai, ele advertiu a multid\u00e3o a frente dele, \u201cPor favor, n\u00e3o riam, isso \u00e9 muito s\u00e9rio. N\u00e3o que n\u00f3s n\u00e3o devamos ter humor. \u00c9 bom rir, mas rir pode ser uma forma de evitar os fatos. Assim, \u00e9 preciso estar ciente disso. N\u00e3o que n\u00f3s n\u00e3o devamos ter humor: ria de uma boa piada com todo o seu ser.\u201d<\/p><p>Humor, alegria, bondade e intelig\u00eancia se fundiram nele em plenitude, a flor plena da humanidade. Ele era um grande ser humano, e seus ensinamentos s\u00e3o o perfume que permanece em n\u00f3s.<\/p><p>\u00a0<\/p>\t\t\t\t\t\t\t\t<\/div>\n\t\t\t\t<\/div>\n\t\t\t\t\t<\/div>\n\t\t<\/div>\n\t\t\t\t\t<\/div>\n\t\t<\/section>\n\t\t\t\t<\/div>\n\t\t","protected":false},"excerpt":{"rendered":"<p>Michael Krohnen CHEFE DE COZINHA, KREFELD, ALEMANHA \u00a0 Foi ap\u00f3s anos de contato di\u00e1rio com Krishnamurti que eu vim a descobrir totalmente e a apreciar os aspectos cativantes de sua personalidade. Ele estendia cuidado e carinho genu\u00ednos \u00e0queles ao seu redor. Sua amizade, para mim e para muitos outros, era honesta e sem pretens\u00f5es e [&hellip;]<\/p>\n","protected":false},"author":1,"featured_media":0,"parent":0,"menu_order":0,"comment_status":"closed","ping_status":"closed","template":"elementor_canvas","meta":{"footnotes":""},"class_list":["post-2329","page","type-page","status-publish","hentry","entry"],"_links":{"self":[{"href":"https:\/\/krishnamurtitextos.com.br\/index.php?rest_route=\/wp\/v2\/pages\/2329","targetHints":{"allow":["GET"]}}],"collection":[{"href":"https:\/\/krishnamurtitextos.com.br\/index.php?rest_route=\/wp\/v2\/pages"}],"about":[{"href":"https:\/\/krishnamurtitextos.com.br\/index.php?rest_route=\/wp\/v2\/types\/page"}],"author":[{"embeddable":true,"href":"https:\/\/krishnamurtitextos.com.br\/index.php?rest_route=\/wp\/v2\/users\/1"}],"replies":[{"embeddable":true,"href":"https:\/\/krishnamurtitextos.com.br\/index.php?rest_route=%2Fwp%2Fv2%2Fcomments&post=2329"}],"version-history":[{"count":4,"href":"https:\/\/krishnamurtitextos.com.br\/index.php?rest_route=\/wp\/v2\/pages\/2329\/revisions"}],"predecessor-version":[{"id":2336,"href":"https:\/\/krishnamurtitextos.com.br\/index.php?rest_route=\/wp\/v2\/pages\/2329\/revisions\/2336"}],"wp:attachment":[{"href":"https:\/\/krishnamurtitextos.com.br\/index.php?rest_route=%2Fwp%2Fv2%2Fmedia&parent=2329"}],"curies":[{"name":"wp","href":"https:\/\/api.w.org\/{rel}","templated":true}]}}