{"id":2275,"date":"2022-12-18T21:00:49","date_gmt":"2022-12-18T21:00:49","guid":{"rendered":"https:\/\/krishnamurtitextos.com.br\/?page_id=2275"},"modified":"2022-12-18T21:01:14","modified_gmt":"2022-12-18T21:01:14","slug":"julie-desnick","status":"publish","type":"page","link":"https:\/\/krishnamurtitextos.com.br\/?page_id=2275","title":{"rendered":"Julie Desnick"},"content":{"rendered":"\t\t<div data-elementor-type=\"wp-page\" data-elementor-id=\"2275\" class=\"elementor elementor-2275\">\n\t\t\t\t\t\t<section class=\"elementor-section elementor-top-section elementor-element elementor-element-6b1959a5 elementor-section-boxed elementor-section-height-default elementor-section-height-default\" data-id=\"6b1959a5\" data-element_type=\"section\" data-e-type=\"section\">\n\t\t\t\t\t\t<div class=\"elementor-container elementor-column-gap-default\">\n\t\t\t\t\t<div class=\"elementor-column elementor-col-100 elementor-top-column elementor-element elementor-element-51bf559b\" data-id=\"51bf559b\" data-element_type=\"column\" data-e-type=\"column\">\n\t\t\t<div class=\"elementor-widget-wrap elementor-element-populated\">\n\t\t\t\t\t\t<div class=\"elementor-element elementor-element-27eb80ae elementor-widget elementor-widget-text-editor\" data-id=\"27eb80ae\" data-element_type=\"widget\" data-e-type=\"widget\" data-widget_type=\"text-editor.default\">\n\t\t\t\t<div class=\"elementor-widget-container\">\n\t\t\t\t\t\t\t\t\t<p style=\"text-align: center;\"><strong>Julie Desnick<\/strong><\/p><p style=\"text-align: center;\">ESTUDANTE AMERICANA, CENTRO EDUCACIONAL DE BROCKWOOD PARK<\/p><p>\u00a0<\/p><p>Quando eu tinha aproximadamente dezessete anos, um amigo me indicou um livro de Krishnamurti. Eu li aproximadamente tr\u00eas p\u00e1ginas e quase ca\u00ed para tr\u00e1s. Fiquei completamente impressionada. Eu havia lido outras coisas, mas ele ia muito al\u00e9m. Eu nunca havia lido nada assim. Tive muita dificuldade com os ensinamentos em Broskwood Park, e acho que muitas pessoas passam pela mesma coisa ao tentar entend\u00ea-los, observando-os como um tipo de salva\u00e7\u00e3o, ignorando que ainda temos que viver nesse mundo do modo como somos. Hoje em dia fico t\u00e3o impressionada com eles como fiquei na primeira vez que os li. Ainda s\u00e3o muito bonitos, claros e incomuns.<\/p><p>A meu ver, os ensinamentos de Krishnamurti parecem vir de alguma fonte pura. Talvez a \u00fanica coisa com a qual eu poderia compar\u00e1-los seria o contato com a natureza, ou as m\u00fasicas de Mozart, ou um grande poema, como um poema de John Keats. Parecem f\u00e1ceis. A maioria dos ensinamentos parecem ser organizados pelo intelecto. S\u00e3o conceitos intelectuais, ao passo que eu realmente sentia que K falava de uma fonte pura, um contato direto com algo al\u00e9m de teorias intelectuais.<\/p><p>Al\u00e9m da l\u00f3gica de seus ensinamentos, que eu sinto ser bem racional, tamb\u00e9m acho que possuem enorme beleza, um tipo de beleza po\u00e9tica. Sinto que ele viveu sua vida com grande integridade e que tinha uma presen\u00e7a especial que se assemelhava a um sil\u00eancio intenso e a compaix\u00e3o, como eu sinto quando estou no topo de uma montanha ou ou\u00e7o a mais bela m\u00fasica. N\u00e3o acho que eu tenha conhecido outro ser humano que causasse tal sensa\u00e7\u00e3o.<\/p><p>Os ensinamentos de Krishnamurti s\u00e3o radicais, a maioria das pessoas nem se permitem absorv\u00ea-los, embora eu sinta que sejam afetadas por eles, mesmo que n\u00e3o admitam. J\u00e1 vi pessoas que afirmam n\u00e3o ter qualquer apre\u00e7o por ou compreens\u00e3o de seus ensinamentos, que dissolvem absolutamente em sua presen\u00e7a. No entanto, eles s\u00e3o muito puros, n\u00e3o oferecem qualquer suporte ou conforto, e \u00e9 isso que a maior parte das pessoas quer. Por outro lado, aqueles de n\u00f3s que sentem compreend\u00ea-los melhor parecem ficar muito frustrados, porque vemos essa enorme beleza no que ele diz. Para mim, \u00e9 como colidir com o sol, ou ver uma joia fant\u00e1stica. Voc\u00ea quer peg\u00e1-los, mas isso n\u00e3o \u00e9 poss\u00edvel, pois as coisas n\u00e3o funcionam assim.<\/p><p>\u00a0<\/p>\t\t\t\t\t\t\t\t<\/div>\n\t\t\t\t<\/div>\n\t\t\t\t\t<\/div>\n\t\t<\/div>\n\t\t\t\t\t<\/div>\n\t\t<\/section>\n\t\t\t\t<\/div>\n\t\t","protected":false},"excerpt":{"rendered":"<p>Julie Desnick ESTUDANTE AMERICANA, CENTRO EDUCACIONAL DE BROCKWOOD PARK \u00a0 Quando eu tinha aproximadamente dezessete anos, um amigo me indicou um livro de Krishnamurti. Eu li aproximadamente tr\u00eas p\u00e1ginas e quase ca\u00ed para tr\u00e1s. Fiquei completamente impressionada. Eu havia lido outras coisas, mas ele ia muito al\u00e9m. Eu nunca havia lido nada assim. Tive muita [&hellip;]<\/p>\n","protected":false},"author":1,"featured_media":0,"parent":0,"menu_order":0,"comment_status":"closed","ping_status":"closed","template":"elementor_canvas","meta":{"footnotes":""},"class_list":["post-2275","page","type-page","status-publish","hentry","entry"],"_links":{"self":[{"href":"https:\/\/krishnamurtitextos.com.br\/index.php?rest_route=\/wp\/v2\/pages\/2275","targetHints":{"allow":["GET"]}}],"collection":[{"href":"https:\/\/krishnamurtitextos.com.br\/index.php?rest_route=\/wp\/v2\/pages"}],"about":[{"href":"https:\/\/krishnamurtitextos.com.br\/index.php?rest_route=\/wp\/v2\/types\/page"}],"author":[{"embeddable":true,"href":"https:\/\/krishnamurtitextos.com.br\/index.php?rest_route=\/wp\/v2\/users\/1"}],"replies":[{"embeddable":true,"href":"https:\/\/krishnamurtitextos.com.br\/index.php?rest_route=%2Fwp%2Fv2%2Fcomments&post=2275"}],"version-history":[{"count":4,"href":"https:\/\/krishnamurtitextos.com.br\/index.php?rest_route=\/wp\/v2\/pages\/2275\/revisions"}],"predecessor-version":[{"id":2282,"href":"https:\/\/krishnamurtitextos.com.br\/index.php?rest_route=\/wp\/v2\/pages\/2275\/revisions\/2282"}],"wp:attachment":[{"href":"https:\/\/krishnamurtitextos.com.br\/index.php?rest_route=%2Fwp%2Fv2%2Fmedia&parent=2275"}],"curies":[{"name":"wp","href":"https:\/\/api.w.org\/{rel}","templated":true}]}}