{"id":2264,"date":"2022-12-18T20:59:45","date_gmt":"2022-12-18T20:59:45","guid":{"rendered":"https:\/\/krishnamurtitextos.com.br\/?page_id=2264"},"modified":"2022-12-18T21:00:11","modified_gmt":"2022-12-18T21:00:11","slug":"juan-colell","status":"publish","type":"page","link":"https:\/\/krishnamurtitextos.com.br\/?page_id=2264","title":{"rendered":"Juan Colell"},"content":{"rendered":"\t\t<div data-elementor-type=\"wp-page\" data-elementor-id=\"2264\" class=\"elementor elementor-2264\">\n\t\t\t\t\t\t<section class=\"elementor-section elementor-top-section elementor-element elementor-element-289b7df4 elementor-section-boxed elementor-section-height-default elementor-section-height-default\" data-id=\"289b7df4\" data-element_type=\"section\" data-e-type=\"section\">\n\t\t\t\t\t\t<div class=\"elementor-container elementor-column-gap-default\">\n\t\t\t\t\t<div class=\"elementor-column elementor-col-100 elementor-top-column elementor-element elementor-element-3794909d\" data-id=\"3794909d\" data-element_type=\"column\" data-e-type=\"column\">\n\t\t\t<div class=\"elementor-widget-wrap elementor-element-populated\">\n\t\t\t\t\t\t<div class=\"elementor-element elementor-element-66e9c9c0 elementor-widget elementor-widget-text-editor\" data-id=\"66e9c9c0\" data-element_type=\"widget\" data-e-type=\"widget\" data-widget_type=\"text-editor.default\">\n\t\t\t\t<div class=\"elementor-widget-container\">\n\t\t\t\t\t\t\t\t\t<p style=\"text-align: center;\"><strong>Juan Colell<\/strong><\/p><p style=\"text-align: center;\">FARMAC\u00caUTICO, BARCELONA, ESPANHA<\/p><p>\u00a0<\/p><p>As vezes as coisas acontecem na vida sem motivo aparente. Foi isso que aconteceu comigo em 1965, quando minha m\u00e3e me convidou para comparecer junto a ela \u00e0s reuni\u00f5es em Saanen. Eu aceitei o convite sem saber exatamente o que isso queria dizer. Durante as palestras, era f\u00e1cil fazer amigos e eu desenvolvi imediatamente uma amizade m\u00fatua com o Sr. Enrique Biascoechea, de Porto Rico. O Sr. Biascoechea foi o primeiro presidente da\u00a0<em>Fundaci\u00f3n<\/em>, posi\u00e7\u00e3o que ele manteve at\u00e9 sua morte.<\/p><p>Enrique e sua esposa, Isabel, tinham uma amizade pr\u00f3xima com Krishnaji, e frequentemente o \u00faltimo os convidava para almo\u00e7ar com ele. Em uma dessas ocasi\u00f5es os levei em meu carro para Chalet Tannegg, onde Krishnaji nos aguardava em frente a porta principal. \u00a0O Sr. Biascoechea me apresentou a ele dizendo: \u201cEsse \u00e9 meu amigo Juan, um jovem de Barcelona, Espanha\u201d. Krishnaji olhou para mim sorrindo e disse, em perfeito catal\u00e3o (uma l\u00edngua falada em uma pequena regi\u00e3o no nordeste da Espanha e no sudeste da Fran\u00e7a), pegando-nos de surpresa: \u201c<em>Barcelona \u00e9s bona si la bossa sona\u201d.\u00a0<\/em>O que quer dizer mais ou menos: Barcelona \u00e9 excelente se a bolsa faz barulho.<\/p><p>\u00c9 dif\u00edcil afirmar que minha vida passou por uma mudan\u00e7a, porque depende da refer\u00eancia que fazemos, mas n\u00e3o \u00e9 exagero dizer que muitos desafios profundos ou incidentes surgiram durante as palestras de Krishnaji, ou quando eu conversava com ele, que sem d\u00favida afetaram minha vida.<\/p><p>Recordo-me de um desses acontecimentos alguns anos depois, quando eu e um amigo fomos ver Krishnaji. Fomos com muitos questionamentos e grande agita\u00e7\u00e3o interna. Krishnaji nos recebeu em um c\u00f4modo simples, e nos sentamos ao redor da mesa enfeitada com um pequeno vaso em seu centro que continha v\u00e1rias flores. Levamos um longo tempo para revelar todas nossas preocupa\u00e7\u00f5es, enquanto Krishnaji observava o tempo que lev\u00e1vamos, at\u00e9 que Krishnaji, sem tirar seus olhos do buqu\u00ea, disse: \u201cSenhores, se voc\u00eas olharem para seus problemas e preocupa\u00e7\u00f5es do modo como est\u00e3o observando essas flores agora, seus problemas ir\u00e3o acabar\u201d. Esse foi o fim de nosso encontro, mas at\u00e9 hoje essas palavras ecoam em minha cabe\u00e7a.<\/p><p>N\u00e3o consigo enxergar como minha mente seria sem seus ensinamentos. N\u00e3o quer dizer que eu entenda profundamente o sentido da vida e que eu viva cada segundo sem qualquer sombra de condicionamento, mas tamb\u00e9m \u00e9 verdade que a contribui\u00e7\u00e3o de Krishnaji e de seus ensinamentos em minha vida, o sentido l\u00f3gico das palavras que esse amigo de toda humanidade disse, tiveram algum efeito em meu interior. Do mesmo modo, como a \u00e1gua n\u00e3o \u00e9 a flor, mas contribui para sua beleza, seus ensinamentos me impulsionam para crescer em benevol\u00eancia.<\/p><p>\u00a0<\/p>\t\t\t\t\t\t\t\t<\/div>\n\t\t\t\t<\/div>\n\t\t\t\t\t<\/div>\n\t\t<\/div>\n\t\t\t\t\t<\/div>\n\t\t<\/section>\n\t\t\t\t<\/div>\n\t\t","protected":false},"excerpt":{"rendered":"<p>Juan Colell FARMAC\u00caUTICO, BARCELONA, ESPANHA \u00a0 As vezes as coisas acontecem na vida sem motivo aparente. Foi isso que aconteceu comigo em 1965, quando minha m\u00e3e me convidou para comparecer junto a ela \u00e0s reuni\u00f5es em Saanen. Eu aceitei o convite sem saber exatamente o que isso queria dizer. Durante as palestras, era f\u00e1cil fazer [&hellip;]<\/p>\n","protected":false},"author":1,"featured_media":0,"parent":0,"menu_order":0,"comment_status":"closed","ping_status":"closed","template":"elementor_canvas","meta":{"footnotes":""},"class_list":["post-2264","page","type-page","status-publish","hentry","entry"],"_links":{"self":[{"href":"https:\/\/krishnamurtitextos.com.br\/index.php?rest_route=\/wp\/v2\/pages\/2264","targetHints":{"allow":["GET"]}}],"collection":[{"href":"https:\/\/krishnamurtitextos.com.br\/index.php?rest_route=\/wp\/v2\/pages"}],"about":[{"href":"https:\/\/krishnamurtitextos.com.br\/index.php?rest_route=\/wp\/v2\/types\/page"}],"author":[{"embeddable":true,"href":"https:\/\/krishnamurtitextos.com.br\/index.php?rest_route=\/wp\/v2\/users\/1"}],"replies":[{"embeddable":true,"href":"https:\/\/krishnamurtitextos.com.br\/index.php?rest_route=%2Fwp%2Fv2%2Fcomments&post=2264"}],"version-history":[{"count":4,"href":"https:\/\/krishnamurtitextos.com.br\/index.php?rest_route=\/wp\/v2\/pages\/2264\/revisions"}],"predecessor-version":[{"id":2271,"href":"https:\/\/krishnamurtitextos.com.br\/index.php?rest_route=\/wp\/v2\/pages\/2264\/revisions\/2271"}],"wp:attachment":[{"href":"https:\/\/krishnamurtitextos.com.br\/index.php?rest_route=%2Fwp%2Fv2%2Fmedia&parent=2264"}],"curies":[{"name":"wp","href":"https:\/\/api.w.org\/{rel}","templated":true}]}}