{"id":2220,"date":"2022-12-18T20:53:59","date_gmt":"2022-12-18T20:53:59","guid":{"rendered":"https:\/\/krishnamurtitextos.com.br\/?page_id=2220"},"modified":"2022-12-18T20:54:51","modified_gmt":"2022-12-18T20:54:51","slug":"harry-wolfe","status":"publish","type":"page","link":"https:\/\/krishnamurtitextos.com.br\/?page_id=2220","title":{"rendered":"Harry Wolfe"},"content":{"rendered":"\t\t<div data-elementor-type=\"wp-page\" data-elementor-id=\"2220\" class=\"elementor elementor-2220\">\n\t\t\t\t\t\t<section class=\"elementor-section elementor-top-section elementor-element elementor-element-56055e58 elementor-section-boxed elementor-section-height-default elementor-section-height-default\" data-id=\"56055e58\" data-element_type=\"section\" data-e-type=\"section\">\n\t\t\t\t\t\t<div class=\"elementor-container elementor-column-gap-default\">\n\t\t\t\t\t<div class=\"elementor-column elementor-col-100 elementor-top-column elementor-element elementor-element-35ef9500\" data-id=\"35ef9500\" data-element_type=\"column\" data-e-type=\"column\">\n\t\t\t<div class=\"elementor-widget-wrap elementor-element-populated\">\n\t\t\t\t\t\t<div class=\"elementor-element elementor-element-6e656886 elementor-widget elementor-widget-text-editor\" data-id=\"6e656886\" data-element_type=\"widget\" data-e-type=\"widget\" data-widget_type=\"text-editor.default\">\n\t\t\t\t<div class=\"elementor-widget-container\">\n\t\t\t\t\t\t\t\t\t<p style=\"text-align: center;\"><strong>Harry Wolfe<\/strong><\/p><p style=\"text-align: center;\">EMPRES\u00c1RIO, LOS ANGELES, CALIF\u00d3RNIA<\/p><p>EB: Sr. Wolfe, voc\u00ea disse que sua esposa te apresentou a Krishnamurti, levou-o para escut\u00e1-lo. Poderia descrever esse momento?<\/p><p>HW: Quando eu cheguei em casa ap\u00f3s uma longa viagem a trabalho, a Sra. Wolfe sugeriu que fossemos a Ojai para ouvir a um ser humano muito bom. Eu disse, \u201cBem, Laura, eu prefiro jogar golfe do que sair para escutar palestras.\u201d Voc\u00ea sabe que a maioria desses professores e palestras se baseia em religi\u00e3o ou coisas do tipo, e eu n\u00e3o tenho interesse por religi\u00e3o. Ap\u00f3s me convencer de que eu deveria ir e de que eu poderia jogar golfe ap\u00f3s a palestra, decidi ir com ela. Escutei profundamente, pois queria compreender completamente o que ele estava dizendo. Ele me prendeu de um jeito que eu n\u00e3o tinha como contestar nada do que ele dizia. Assim, ap\u00f3s escut\u00e1-lo, ao inv\u00e9s de ir jogar golfe, eu realmente n\u00e3o estava no clima para jogar golfe, eu pensei, \u201cN\u00f3s voltaremos amanh\u00e3, pois eu quero ouvi-lo novamente.\u201d Ent\u00e3o voltamos no dia seguinte e eu o escutei profundamente mais uma vez, n\u00e3o conseguindo contestar nada do que ele disse. Eu quis voltar na semana seguinte. Ele tinha minha aten\u00e7\u00e3o de forma que eu s\u00f3 queria ouvi-lo, e ap\u00f3s a terceira semana eu quis uma entrevista, o que ele estava fazendo na \u00e9poca, por quinze minutos. Acho que isso foi em 1930. Os quinze minutos acabaram e eu disse, \u201cBem, acho melhor eu ir.\u201d Ele disse, \u201cN\u00e3o, espere um momento, quero perguntar uma coisa, falar mais com voc\u00ea.\u201d Eu falei sobre meu trabalho, expliquei como era corrupta a ind\u00fastria do diamante, como os atacadistas enganavam os comerciantes e como n\u00e3o havia integridade no neg\u00f3cio, tanto no meu neg\u00f3cio quanto na ind\u00fastria das joias. Eu concentrava meu neg\u00f3cio na ind\u00fastria de diamantes, e as joias eram da mesma maneira. Eu falei sobre muitas coisas do tipo para ele, que se interessou pelo que eu tinha a dizer, e assim me deixou ficar. Ele colocou a m\u00e3o sobre meu joelho e disse, \u201cEspere um momento, est\u00e1 tudo bem.\u201d Ent\u00e3o continuamos a conversar, eu n\u00e3o me recordo exatamente o que eu tinha a dizer depois disso, mas ele percebeu que eu estava fazendo um balan\u00e7o do que estava acontecendo em rela\u00e7\u00e3o \u00e0 corrup\u00e7\u00e3o\u2026<\/p><p>EB: Parecia ser algo novo para ele?<\/p><p>HW: Bem, ele ficou surpreso por eu me interessar tanto por descobrir a situa\u00e7\u00e3o dos neg\u00f3cios. Eu contei para ele que os diamantes, mais de 95% dos diamantes lapidados para o mercado mundial, s\u00e3o lapidados de maneira incorreta, o que chamamos de fraude no meio comercial. Porque o peso do chumbo na pedra, no peda\u00e7o de rocha, deveria ser removido. Eles querem uma pedra de dois quilates, e n\u00e3o de um quilate e meio. Veja bem, todo diamante tem cinquenta e oito faces, e essas pequenas faces s\u00e3o como pequenos espelhos, e se os \u00e2ngulos geom\u00e9tricos desses pequenos espelhos estiverem no \u00e2ngulo correto, \u00e9 imposs\u00edvel refletir os raios de luz de volta para a superf\u00edcie. \u00c9 isso que produz a pr\u00f3pria luz e beleza do diamante.<\/p><p>EB: Krishnamurti ficou surpreso ao ouvir que o neg\u00f3cio dos diamantes era t\u00e3o corrupto?<\/p><p>HW: Sim, ele ficou surpreso.<\/p><p>EB: Voc\u00ea havia o escutado diversas vezes, qual foi sua rea\u00e7\u00e3o ao encontra-lo pela primeira vez? Como voc\u00ea compararia as palestras daqueles dias com o que ele diz hoje?<\/p><p>HW: Bem, \u00e9 dif\u00edcil explicar. Variaram um pouco, mas o princ\u00edpio \u00e9 o mesmo. O cerne de seu ensinamento \u00e9 praticamente o mesmo agora do que era naquela \u00e9poca. Palavras diferentes, apresenta\u00e7\u00e3o diferente. Na verdade, eu ofereci quinhentos d\u00f3lares a ele \u2013 naquela \u00e9poca isso era muito dinheiro \u2013 como um sinal de agradecimento pelo que ele havia feito por mim. Ele disse, \u201cN\u00e3o posso fazer nada por ningu\u00e9m, voc\u00ea precisa faz\u00ea-lo.\u201d Bem, percebi que comecei a pensar diferente, a agir de maneira diferente e a sentir-me de maneira diferente em rela\u00e7\u00e3o aos seres humanos, percebendo como todos est\u00e3o condicionados e como n\u00e3o s\u00e3o respons\u00e1veis pelo que fazem ou dizem, pois como poder\u00edamos culpar um gravador por estar condicionado a tocar uma m\u00fasica? Ent\u00e3o passei a ser um pouco mais tolerante com pessoas que querem tirar vantagem de mim, n\u00e3o as culpo, porque essa \u00e9 a ordem do dia. Isso vale nos neg\u00f3cios, na lei, todo departamento das rela\u00e7\u00f5es humanas \u00e9 corrupto.<\/p><p>EB: Krishnamurti deve ter realmente impactado sua vida!<\/p><p>HW: Ah, sim, totalmente. Ele mudou a minha vida completamente. Eu larguei meu trabalho \u2013 larguei meu trabalho quando percebi que eu era o mesmo tipo de ser humano que todos os outros. Eu era corrupto. Estava tirando vantagem da confian\u00e7a que as pessoas colocavam em mim ao vender para elas mais do que precisavam, ao fazer uso de t\u00e9cnicas de venda, eu percebi o que eu estava fazendo. Ent\u00e3o eu larguei meu neg\u00f3cio. Veja, eu lidava com um tipo de diamante que a maioria dos joalheiros nem mesmo v\u00ea, um diamante que n\u00e3o \u00e9 fraudado, de m\u00e1xima beleza. Eu decidi que eu n\u00e3o tinha que vend\u00ea-los, eles comprariam se eu explicasse o que ele \u00e9. Ent\u00e3o, tive que elaborar meus clientes, mostrando a diferen\u00e7a entre uma pedra que n\u00e3o havia sido cortada corretamente e uma pedra que havia sido cortada corretamente. Ganhei muito menos dinheiro, mas eu gostava de fazer neg\u00f3cios que n\u00e3o deturpassem o branco azul perfeito. N\u00e3o existe tal coisa. \u00c9 azul, ou branco, ou amarelo, ou rosa. N\u00e3o h\u00e1 cores duplas, porque a cor de um diamante \u00e9 determinada apenas pela cor do corpo, n\u00e3o pelo brilho da pedra. N\u00f3s costum\u00e1vamos classificar nossas pedras exatamente da forma como eram \u2013 pela cor, pelo grau de clareza e pelo corte. O corte \u00e9 o mais importante, porque \u00e9 ele que d\u00e1 luz.<\/p><p>EB: Voc\u00ea acha que seu neg\u00f3cio diminuiu?<\/p><p>HW: Ah, sim. Reduziu bastante. Eu ganhei menos dinheiro, mas eu gostei porque eu n\u00e3o tive que fazer press\u00e3o ou vender \u2013 as pessoas compravam. H\u00e1 uma grande diferen\u00e7a.<\/p><p>EB: Voc\u00ea acha que teria chegado a esses sentimentos \u00e9ticos, digamos, independentemente caso n\u00e3o houvesse conhecido Krishnamurti? Ou voc\u00ea teria continuado da mesma forma que antes?<\/p><p>HW: Acho que n\u00e3o. Ele me acordou para o fato que eu n\u00e3o era diferente dos outros. Eu era t\u00e3o corrupto quanto qualquer um. E eu tinha que ver isso em mim mesmo \u2013 realmente ver, para enfim me libertar disso.<\/p><p>EB: E voc\u00ea viu isso instantaneamente?<\/p><p>HW: Ah, sim. Com certeza, n\u00e3o foi dif\u00edcil.<\/p><p>EB: As pessoas frequentemente dizem que leva um certo tempo, e Krishnamurti sempre diz que pode ser instant\u00e2neo.<\/p><p>HW: \u00c9 instant\u00e2neo. Voc\u00ea v\u00ea ou n\u00e3o v\u00ea. Caso voc\u00ea veja, n\u00e3o h\u00e1 raz\u00e3o para continuar. Voc\u00ea v\u00ea, e \u00e9 isso. A verdade \u00e9 instant\u00e2nea.<\/p><p>EB: Ent\u00e3o foi simplesmente a sua intelig\u00eancia em a\u00e7\u00e3o. Voc\u00ea viu e agiu.<\/p><p>HW: Voc\u00ea sabe que no momento em que v\u00ea algo que aquilo \u00e9 um fato. Voc\u00ea n\u00e3o vai al\u00e9m, \u00e9 isso. Minha forma de pensar \u00e9 totalmente diferente, porque n\u00e3o fa\u00e7o compara\u00e7\u00f5es. Eu apenas observo os fatos como eles s\u00e3o, voc\u00ea n\u00e3o precisa ir al\u00e9m disso. A consci\u00eancia, eu penso, \u00e9 o fator mais importante, porque voc\u00ea vive apenas parcialmente se n\u00e3o estiver ciente. Se voc\u00ea entra em uma sala e n\u00e3o presta aten\u00e7\u00e3o ao que est\u00e1 l\u00e1, voc\u00ea n\u00e3o est\u00e1 ciente. A maioria das pessoas n\u00e3o est\u00e1 ciente, elas s\u00f3 querem ver o que querem, e \u00e9 isso. Por\u00e9m, a consci\u00eancia tem sido minha professora, eu poderia dizer, porque eu n\u00e3o sabia falar ingl\u00eas quando cheguei a este pa\u00eds, aos doze anos, \u00e9 claro que meu vocabul\u00e1rio \u00e9 bastante limitado.<\/p><p>EB: Eu acho que voc\u00ea se expressa muito bem.<\/p><p>HW: Eu fa\u00e7o o melhor que posso com o que tenho.<\/p><p>\u00a0<\/p>\t\t\t\t\t\t\t\t<\/div>\n\t\t\t\t<\/div>\n\t\t\t\t\t<\/div>\n\t\t<\/div>\n\t\t\t\t\t<\/div>\n\t\t<\/section>\n\t\t\t\t<\/div>\n\t\t","protected":false},"excerpt":{"rendered":"<p>Harry Wolfe EMPRES\u00c1RIO, LOS ANGELES, CALIF\u00d3RNIA EB: Sr. Wolfe, voc\u00ea disse que sua esposa te apresentou a Krishnamurti, levou-o para escut\u00e1-lo. Poderia descrever esse momento? HW: Quando eu cheguei em casa ap\u00f3s uma longa viagem a trabalho, a Sra. Wolfe sugeriu que fossemos a Ojai para ouvir a um ser humano muito bom. Eu disse, [&hellip;]<\/p>\n","protected":false},"author":1,"featured_media":0,"parent":0,"menu_order":0,"comment_status":"closed","ping_status":"closed","template":"elementor_canvas","meta":{"footnotes":""},"class_list":["post-2220","page","type-page","status-publish","hentry","entry"],"_links":{"self":[{"href":"https:\/\/krishnamurtitextos.com.br\/index.php?rest_route=\/wp\/v2\/pages\/2220","targetHints":{"allow":["GET"]}}],"collection":[{"href":"https:\/\/krishnamurtitextos.com.br\/index.php?rest_route=\/wp\/v2\/pages"}],"about":[{"href":"https:\/\/krishnamurtitextos.com.br\/index.php?rest_route=\/wp\/v2\/types\/page"}],"author":[{"embeddable":true,"href":"https:\/\/krishnamurtitextos.com.br\/index.php?rest_route=\/wp\/v2\/users\/1"}],"replies":[{"embeddable":true,"href":"https:\/\/krishnamurtitextos.com.br\/index.php?rest_route=%2Fwp%2Fv2%2Fcomments&post=2220"}],"version-history":[{"count":4,"href":"https:\/\/krishnamurtitextos.com.br\/index.php?rest_route=\/wp\/v2\/pages\/2220\/revisions"}],"predecessor-version":[{"id":2227,"href":"https:\/\/krishnamurtitextos.com.br\/index.php?rest_route=\/wp\/v2\/pages\/2220\/revisions\/2227"}],"wp:attachment":[{"href":"https:\/\/krishnamurtitextos.com.br\/index.php?rest_route=%2Fwp%2Fv2%2Fmedia&parent=2220"}],"curies":[{"name":"wp","href":"https:\/\/api.w.org\/{rel}","templated":true}]}}