{"id":2066,"date":"2022-12-18T20:31:23","date_gmt":"2022-12-18T20:31:23","guid":{"rendered":"https:\/\/krishnamurtitextos.com.br\/?page_id=2066"},"modified":"2022-12-18T20:31:55","modified_gmt":"2022-12-18T20:31:55","slug":"aldous-huxley","status":"publish","type":"page","link":"https:\/\/krishnamurtitextos.com.br\/?page_id=2066","title":{"rendered":"Aldous Huxley"},"content":{"rendered":"\t\t<div data-elementor-type=\"wp-page\" data-elementor-id=\"2066\" class=\"elementor elementor-2066\">\n\t\t\t\t\t\t<section class=\"elementor-section elementor-top-section elementor-element elementor-element-4a033b26 elementor-section-boxed elementor-section-height-default elementor-section-height-default\" data-id=\"4a033b26\" data-element_type=\"section\" data-e-type=\"section\">\n\t\t\t\t\t\t<div class=\"elementor-container elementor-column-gap-default\">\n\t\t\t\t\t<div class=\"elementor-column elementor-col-100 elementor-top-column elementor-element elementor-element-34aa7136\" data-id=\"34aa7136\" data-element_type=\"column\" data-e-type=\"column\">\n\t\t\t<div class=\"elementor-widget-wrap elementor-element-populated\">\n\t\t\t\t\t\t<div class=\"elementor-element elementor-element-70c88d9 elementor-widget elementor-widget-text-editor\" data-id=\"70c88d9\" data-element_type=\"widget\" data-e-type=\"widget\" data-widget_type=\"text-editor.default\">\n\t\t\t\t<div class=\"elementor-widget-container\">\n\t\t\t\t\t\t\t\t\t<p style=\"text-align: center;\"><strong>Aldous Huxley<\/strong><\/p><p style=\"text-align: center;\">ROMANCISTA E FIL\u00d3SOFO<\/p><p>H\u00e1 uma espontaneidade transcendente da vida, uma \u201crealidade criativa\u201d, conforme chamada por Krishnamurti, que se revela como iminente somente quando a mente do preceptor est\u00e1 em um estado de \u201cpassividade alerta\u201d, de \u201cconsci\u00eancia sem escolha\u201d. Julgamento e compara\u00e7\u00e3o nos comprometem irrevogavelmente \u00e0 dualidade. Apenas a consci\u00eancia sem escolha pode levar a n\u00e3o-dualidade, a reconcilia\u00e7\u00e3o dos opostos em compreens\u00e3o e amor completos.\u00a0<em>Ama et fac quod vis.<\/em>\u00a0Se voc\u00ea ama, pode fazer o que desejar. Por\u00e9m, se come\u00e7ar fazendo aquilo que deseja, ou aquilo que voc\u00ea n\u00e3o quer fazer por obedi\u00eancia a algum sistema tradicional de no\u00e7\u00f5es, ideais ou proibi\u00e7\u00f5es, voc\u00ea nunca amar\u00e1. O processo de liberta\u00e7\u00e3o deve come\u00e7ar com a consci\u00eancia sem escolha do que voc\u00ea deseja e de suas rea\u00e7\u00f5es ao sistema de s\u00edmbolos que te diz que voc\u00ea deve, ou n\u00e3o deve, desejar isto. Atrav\u00e9s dessa consci\u00eancia sem escolha, conforme ela penetra as sucessivas camadas do ego e seu subconsciente associado, surgir\u00e3o o amor e a compreens\u00e3o, mas em uma ordem diferente daquela com a qual estamos familiarizados. Essa consci\u00eancia sem escolha \u2013 em todo momento e em todas circunst\u00e2ncias da vida \u2013 \u00e9 a \u00fanica medita\u00e7\u00e3o eficaz. Todas as outras formas de yoga levam ou ao pensamento cego da autodisciplina, ou a alguma forma de euforia autoinduzida, alguma forma de\u00a0<em>samadhi<\/em>\u00a0falsa. A verdadeira liberta\u00e7\u00e3o \u00e9 \u201cuma liberdade interior da realidade criativa.\u201d Isso \u201cn\u00e3o \u00e9 um dom. Deve ser descoberto e vivenciado. N\u00e3o \u00e9 uma aquisi\u00e7\u00e3o para ser coletada a si mesmo para se glorificar. \u00c9 um estado de ser, como o sil\u00eancio, no qual n\u00e3o h\u00e1 transforma\u00e7\u00e3o, na qual h\u00e1 completude. Essa criatividade pode n\u00e3o buscar necessariamente a express\u00e3o. N\u00e3o \u00e9 um talento que exige manifesta\u00e7\u00e3o externa. N\u00e3o \u00e9 preciso ser um grande artista ou ter audi\u00eancia. Se voc\u00ea os buscar, sentir\u00e1 falta da realidade interior. N\u00e3o \u00e9 nem dom ou realidade do talento. \u00c9 preciso ser encontrado, esse tesouro imperec\u00edvel, no qual o pensamento se liberta da lux\u00faria, m\u00e1 vontade e ignor\u00e2ncia, no qual o pensamento se liberta daquilo que \u00e9 mundano e do desejo pessoal de ser. Deve ser vivenciado atrav\u00e9s do pensamento correto e da medita\u00e7\u00e3o.\u201d A autoconsci\u00eancia sem escolha nos levar\u00e1 \u00e0 realidade criativa subjacente a todo faz de conta destrutivo, \u00e0 sabedoria tranquila que est\u00e1 sempre presente, no lugar da ignor\u00e2ncia, no lugar do conhecimento que \u00e9 meramente ignor\u00e2ncia em outra forma. O conhecimento \u00e9 uma quest\u00e3o de s\u00edmbolos e, muitas vezes, \u00e9 um obst\u00e1culo para a sabedoria, para a descoberta do eu a cada momento. Uma mente que chegou \u00e0 sabedoria da quietude \u201cconhecer\u00e1 o ser, saber\u00e1 o que \u00e9 amor. A amor n\u00e3o \u00e9 pessoal ou mesmo impessoal. O amor \u00e9 amor, n\u00e3o deve ser definido ou descrito pela mente como exclusivo ou inclusivo.\u00a0 O amor \u00e9 sua pr\u00f3pria eternidade. \u00c9 o real, o supremo, o imensur\u00e1vel.<\/p><p>\u00a0<\/p>\t\t\t\t\t\t\t\t<\/div>\n\t\t\t\t<\/div>\n\t\t\t\t\t<\/div>\n\t\t<\/div>\n\t\t\t\t\t<\/div>\n\t\t<\/section>\n\t\t\t\t<\/div>\n\t\t","protected":false},"excerpt":{"rendered":"<p>Aldous Huxley ROMANCISTA E FIL\u00d3SOFO H\u00e1 uma espontaneidade transcendente da vida, uma \u201crealidade criativa\u201d, conforme chamada por Krishnamurti, que se revela como iminente somente quando a mente do preceptor est\u00e1 em um estado de \u201cpassividade alerta\u201d, de \u201cconsci\u00eancia sem escolha\u201d. Julgamento e compara\u00e7\u00e3o nos comprometem irrevogavelmente \u00e0 dualidade. Apenas a consci\u00eancia sem escolha pode levar [&hellip;]<\/p>\n","protected":false},"author":1,"featured_media":0,"parent":0,"menu_order":0,"comment_status":"closed","ping_status":"closed","template":"elementor_canvas","meta":{"footnotes":""},"class_list":["post-2066","page","type-page","status-publish","hentry","entry"],"_links":{"self":[{"href":"https:\/\/krishnamurtitextos.com.br\/index.php?rest_route=\/wp\/v2\/pages\/2066","targetHints":{"allow":["GET"]}}],"collection":[{"href":"https:\/\/krishnamurtitextos.com.br\/index.php?rest_route=\/wp\/v2\/pages"}],"about":[{"href":"https:\/\/krishnamurtitextos.com.br\/index.php?rest_route=\/wp\/v2\/types\/page"}],"author":[{"embeddable":true,"href":"https:\/\/krishnamurtitextos.com.br\/index.php?rest_route=\/wp\/v2\/users\/1"}],"replies":[{"embeddable":true,"href":"https:\/\/krishnamurtitextos.com.br\/index.php?rest_route=%2Fwp%2Fv2%2Fcomments&post=2066"}],"version-history":[{"count":4,"href":"https:\/\/krishnamurtitextos.com.br\/index.php?rest_route=\/wp\/v2\/pages\/2066\/revisions"}],"predecessor-version":[{"id":2073,"href":"https:\/\/krishnamurtitextos.com.br\/index.php?rest_route=\/wp\/v2\/pages\/2066\/revisions\/2073"}],"wp:attachment":[{"href":"https:\/\/krishnamurtitextos.com.br\/index.php?rest_route=%2Fwp%2Fv2%2Fmedia&parent=2066"}],"curies":[{"name":"wp","href":"https:\/\/api.w.org\/{rel}","templated":true}]}}