{"id":2055,"date":"2022-12-18T20:30:08","date_gmt":"2022-12-18T20:30:08","guid":{"rendered":"https:\/\/krishnamurtitextos.com.br\/?page_id=2055"},"modified":"2022-12-18T20:30:38","modified_gmt":"2022-12-18T20:30:38","slug":"alasdair-coyne","status":"publish","type":"page","link":"https:\/\/krishnamurtitextos.com.br\/?page_id=2055","title":{"rendered":"Alasdair Coyne"},"content":{"rendered":"\t\t<div data-elementor-type=\"wp-page\" data-elementor-id=\"2055\" class=\"elementor elementor-2055\">\n\t\t\t\t\t\t<section class=\"elementor-section elementor-top-section elementor-element elementor-element-2efbc9ca elementor-section-boxed elementor-section-height-default elementor-section-height-default\" data-id=\"2efbc9ca\" data-element_type=\"section\" data-e-type=\"section\">\n\t\t\t\t\t\t<div class=\"elementor-container elementor-column-gap-default\">\n\t\t\t\t\t<div class=\"elementor-column elementor-col-100 elementor-top-column elementor-element elementor-element-d4428b2\" data-id=\"d4428b2\" data-element_type=\"column\" data-e-type=\"column\">\n\t\t\t<div class=\"elementor-widget-wrap elementor-element-populated\">\n\t\t\t\t\t\t<div class=\"elementor-element elementor-element-3c47b931 elementor-widget elementor-widget-text-editor\" data-id=\"3c47b931\" data-element_type=\"widget\" data-e-type=\"widget\" data-widget_type=\"text-editor.default\">\n\t\t\t\t<div class=\"elementor-widget-container\">\n\t\t\t\t\t\t\t\t\t<p style=\"text-align: center;\"><strong>Alasdair Coyne<\/strong><\/p><p style=\"text-align: center;\">PAISAGISTA JARDINEIRO, AMBIENTALISTA, OJAI, CALIF\u00d3RNIA<\/p><p>Na universidade, na Esc\u00f3cia, estudava filosofia e \u00e1reas afins quando me deparei com os trabalhos de Krishnamurti. Por aproximadamente um ano eu n\u00e3o havia tido qualquer not\u00edcia sobre qualquer funda\u00e7\u00e3o, escola ou centro, ou mesmo not\u00edcias dele, se ele ainda estava vivo. Por acaso, deparei-me com a informa\u00e7\u00e3o de que havia um centro em Brockwood Park e estive presente em uma reuni\u00e3o no local, provavelmente em setembro de 1974. Acampei na chuva com todo mundo e encantei-me pelo lugar e pelo orador. V\u00e1rios meses depois me candidatei para uma vaga como jardineiro aprendiz sem experi\u00eancia. Fui contratado na primavera do ano seguinte. O que mais me atraia no lugar era Krishnamurti e os aspectos de seu ensinamento que acredito que atraiam outras pessoas tamb\u00e9m. Por exemplo, sem respostas imediatas \u00e0s perguntas e jogando o ouvinte contra si mesmo para encontrar respostas para as quest\u00f5es mais profundas que diz respeito a ele como indiv\u00edduo. Tamb\u00e9m fui para l\u00e1 interessado em me tornar um jardineiro, o que desde ent\u00e3o se tornou meu trabalho de vida, embora eu ainda n\u00e3o tivesse consci\u00eancia disso na \u00e9poca. Trabalhei l\u00e1 por dois anos e meio antes de vir morar em Ojai, onde fui contratado para plantar e manter o jardim ao redor da Pine Cottage rec\u00e9m ampliada.<\/p><p>Krishnaji tinha muito interesse pelo jardim da Pine Cottage. Ele tirava folga de suas outras responsabilidades para passear pelo jardim, se interessava pelas plantas e queria saber como as coisas estavam indo, ou que planta preencheria cada espa\u00e7o. Para mim, isso o elevou a um n\u00edvel muito mais humano do que aquele que eu havia percebido anteriormente. Desenvolvemos um relacionamento caloroso e atencioso, no qual havia uma preocupa\u00e7\u00e3o comum com a apar\u00eancia do terreno e um entusiasmo com algo novo surgindo. Todos os anos, quando ele voltava para os EUA, geralmente na primavera, ele sempre desejava passear por todo o jardim. N\u00f3s observ\u00e1vamos juntos o que havia mudado, o que poderia n\u00e3o ter funcionado bem, o que estava indo bem, o que pod\u00edamos melhorar, onde pod\u00edamos sempre plantar mais rosas. Rosas eram sua flor favorita. Ele amava a fragr\u00e2ncia delas, e a vermelha era a rosa de sua cor favorita. Ao longo dos anos conheci Krishnaji muito mais como um homem preocupado com plantas.<\/p><p>Apesar da impress\u00e3o p\u00fablica de Krishnaji como uma pessoa que falaria para milhares de pessoas durante o ano sem problemas, por dentro ele era uma pessoa muito t\u00edmida. Quando eu estava em Pine Cottage, trabalhando no jardim, ele n\u00e3o sairia para observar o jardim se houvesse outras pessoas por perto. Era nos dias em que nada acontecia, quando tudo estava bastante quieto e n\u00e3o havia mais ningu\u00e9m ao redor do pomar ou no terreno, que ele colocava seu chap\u00e9u e suas luvas, sa\u00eda e passeava pelo jardim, me buscava, me levava ao redor da casa e me mostrava isso ou aquilo ou me perguntava algo. Eu at\u00e9 entreguei um ancinho para ele algumas vezes.<\/p><p>Krishnaji disse diversas vezes publicamente, e lembro-me de ouvi-lo em particular nos terrenos em Pine Cottage, que se ele n\u00e3o fosse um orador, ele gostaria de ter sido um jardineiro. Ele teria sido um bom jardineiro. Sei que ele gesticulava na dire\u00e7\u00e3o das laranjeiras ao redor de Pine Cottage e dizia que havia plantado todas elas, provavelmente na d\u00e9cada de 1940. Ele olhava para uma planta e se perguntava o que seria necess\u00e1rio para torn\u00e1-la mais feliz. Ele apreciava as plantas e flores profundamente, plantas com fragr\u00e2ncia, com uma cor espec\u00edfica, que atra\u00edam beija-flores, tudo isso era importante para ele.<\/p><p>Apenas recentemente, em 1994, ocorreu-me que um pedido comum de Krishnaji para o jardim se tornou um dos meus princ\u00edpios de paisagismo mais valiosos. Sempre que via mudas germinando pelo jardim, ele dizia: \u201cDeixe, deixe\u201d. Ele n\u00e3o era do tipo que dizia: \u201cEst\u00e1 crescendo no caminho, devemos limpar\u201d. Dessa forma, o caminho ao redor de Pine Cottage tornou-se uma paisagem com mudas auto plantadas. Uma paisagem muito agrad\u00e1vel, embora naturalmente tamb\u00e9m tenhamos deixado um lugar para caminhar. Nos \u00faltimos anos, tenho projetado \u00e1reas de paisagismo para enfatizar o uso de mudas de f\u00e1cil germina\u00e7\u00e3o independente \u2013 porque essas mudas podem preencher uma \u00e1rea e eventualmente expandi-la sem necessidade de irriga\u00e7\u00e3o, altera\u00e7\u00e3o do solo ou custo, o que \u00e9 uma boa vantagem no clima \u00e1rido.<\/p><p>Krishnaji me tratava como igual quando est\u00e1vamos no jardim, ou simplesmente discutindo o jardim. Se eu tentasse segurar a porta aberta para ele, ele diria: \u201cN\u00e3o, n\u00e3o, n\u00e3o. Voc\u00ea primeiro,\u201d e a segurava aberta para mim. Era um relacionamento de igualdade, n\u00e3o era de empregador\/empregado. Ele se interessava pelo que eu poderia lhe dizer sobre uma quest\u00e3o espec\u00edfica do jardim e queria aprender as raz\u00f5es pelas quais algumas plantas estavam crescendo mal e como ajudar as plantas que pareciam precisar de assist\u00eancia.<\/p><p>Meu \u00faltimo encontro com Krishnaji foi cerca de uma semana antes de sua morte. Ele estava na sala de estar em Pine Cottage, envolto calorosamente em um cobertor. N\u00e3o parecia estar muito bem. Naturalmente, ele quis dizer oi. Ele sabia que eu estava em casa, provavelmente havia me visto passar pelas janelas, e pedira que eu entrasse por alguns minutos. Apesar de todos os neg\u00f3cios a tratar relacionados as Funda\u00e7\u00f5es dos v\u00e1rios pa\u00edses, ele quis conversar com o jardineiro por um minuto. Ele fez algumas perguntas sobre como as plantas estavam. Havia visto de dentro da casa o novo canteiro de rosas que plantamos para ele. N\u00e3o sei se ele chegou a o ver de perto. Ele queria saber o que poder\u00edamos plantar em uma pequena \u00e1rea a leste da casa que tinha alguns espa\u00e7os vazios. Era tocante que em seus \u00faltimos dias de vida ele quisesse saber o que aconteceria depois. Ele queria ter uma ideia de como ficaria, mesmo que ele n\u00e3o estivesse l\u00e1 para v\u00ea-lo. Depois ele disse: \u201cVenha me ver novamente\u201d, e foi a \u00faltima vez que o vi.<\/p><p>N\u00e3o acredito, como muitos acreditam, que Krishnaji era mais do que um ser humano. Sinto que cada indiv\u00edduo tem seu valor por si s\u00f3 e n\u00e3o acho que Krishnaji tenha mais valor do que qualquer outra pessoa. Por outro lado, algumas pessoas s\u00e3o mais maravilhosas e fizeram grandes coisas em suas vidas, e eu apreciei o privil\u00e9gio de conhecer Krishnaji como jardineiro, nos momentos em que ele n\u00e3o era o orador. Muitas pessoas conheceram o orador, puderam v\u00ea-lo e ouvi-lo falar. Eu me senti privilegiado por ter conhecido o homem quando todas essas coisas n\u00e3o estavam acontecendo. N\u00e3o estou dizendo que havia duas pessoas diferentes, o ser humano comum e o orador, mas gostei de conhecer o lado humano dele.<\/p><p>Krishnaji gostava muito da beleza paisag\u00edstica de Ojai. Ele gesticulava para as colinas e descrevia como as havia explorado em sua juventude. Ele subia e descia Topa Topa, ao longo de Chief Peak e provavelmente a parte de tr\u00e1s dele, explorando por conta pr\u00f3pria ou com outras pessoas. Isso me inspirou a trabalhar pela preserva\u00e7\u00e3o ecol\u00f3gica, que se tornou um dos principais focos de minha vida.<\/p><p>Krishnaji adorava estar perto da vida selvagem. Ele contou que seguiu um lince por v\u00e1rios quil\u00f4metros na encosta atr\u00e1s de Ojai \u2013 perto, mas invis\u00edvel. Na \u00cdndia, ele falou com os macacos. Ele quis tocar um tigre pela janela do carro em uma reserva florestal.<\/p><p>Talvez o meu coment\u00e1rio favorito de Krishnaji, o orador, seja quando ele disse algo mais ou menos assim em uma reuni\u00e3o p\u00fablica: \u201cVoc\u00eas todos ficar\u00e3o muito melhores em algum lugar na natureza. Voc\u00eas podem aprender muito mais com a natureza do que com o palestrante\u201d.<\/p><p>\u00a0<\/p>\t\t\t\t\t\t\t\t<\/div>\n\t\t\t\t<\/div>\n\t\t\t\t\t<\/div>\n\t\t<\/div>\n\t\t\t\t\t<\/div>\n\t\t<\/section>\n\t\t\t\t<\/div>\n\t\t","protected":false},"excerpt":{"rendered":"<p>Alasdair Coyne PAISAGISTA JARDINEIRO, AMBIENTALISTA, OJAI, CALIF\u00d3RNIA Na universidade, na Esc\u00f3cia, estudava filosofia e \u00e1reas afins quando me deparei com os trabalhos de Krishnamurti. Por aproximadamente um ano eu n\u00e3o havia tido qualquer not\u00edcia sobre qualquer funda\u00e7\u00e3o, escola ou centro, ou mesmo not\u00edcias dele, se ele ainda estava vivo. Por acaso, deparei-me com a informa\u00e7\u00e3o [&hellip;]<\/p>\n","protected":false},"author":1,"featured_media":0,"parent":0,"menu_order":0,"comment_status":"closed","ping_status":"closed","template":"elementor_canvas","meta":{"footnotes":""},"class_list":["post-2055","page","type-page","status-publish","hentry","entry"],"_links":{"self":[{"href":"https:\/\/krishnamurtitextos.com.br\/index.php?rest_route=\/wp\/v2\/pages\/2055","targetHints":{"allow":["GET"]}}],"collection":[{"href":"https:\/\/krishnamurtitextos.com.br\/index.php?rest_route=\/wp\/v2\/pages"}],"about":[{"href":"https:\/\/krishnamurtitextos.com.br\/index.php?rest_route=\/wp\/v2\/types\/page"}],"author":[{"embeddable":true,"href":"https:\/\/krishnamurtitextos.com.br\/index.php?rest_route=\/wp\/v2\/users\/1"}],"replies":[{"embeddable":true,"href":"https:\/\/krishnamurtitextos.com.br\/index.php?rest_route=%2Fwp%2Fv2%2Fcomments&post=2055"}],"version-history":[{"count":4,"href":"https:\/\/krishnamurtitextos.com.br\/index.php?rest_route=\/wp\/v2\/pages\/2055\/revisions"}],"predecessor-version":[{"id":2062,"href":"https:\/\/krishnamurtitextos.com.br\/index.php?rest_route=\/wp\/v2\/pages\/2055\/revisions\/2062"}],"wp:attachment":[{"href":"https:\/\/krishnamurtitextos.com.br\/index.php?rest_route=%2Fwp%2Fv2%2Fmedia&parent=2055"}],"curies":[{"name":"wp","href":"https:\/\/api.w.org\/{rel}","templated":true}]}}