{"id":2032,"date":"2022-12-18T20:27:48","date_gmt":"2022-12-18T20:27:48","guid":{"rendered":"https:\/\/krishnamurtitextos.com.br\/?page_id=2032"},"modified":"2022-12-18T20:28:16","modified_gmt":"2022-12-18T20:28:16","slug":"alan-rowlands","status":"publish","type":"page","link":"https:\/\/krishnamurtitextos.com.br\/?page_id=2032","title":{"rendered":"Alan Rowlands"},"content":{"rendered":"\t\t<div data-elementor-type=\"wp-page\" data-elementor-id=\"2032\" class=\"elementor elementor-2032\">\n\t\t\t\t\t\t<section class=\"elementor-section elementor-top-section elementor-element elementor-element-6ecbf1c elementor-section-boxed elementor-section-height-default elementor-section-height-default\" data-id=\"6ecbf1c\" data-element_type=\"section\" data-e-type=\"section\">\n\t\t\t\t\t\t<div class=\"elementor-container elementor-column-gap-default\">\n\t\t\t\t\t<div class=\"elementor-column elementor-col-100 elementor-top-column elementor-element elementor-element-5681cda2\" data-id=\"5681cda2\" data-element_type=\"column\" data-e-type=\"column\">\n\t\t\t<div class=\"elementor-widget-wrap elementor-element-populated\">\n\t\t\t\t\t\t<div class=\"elementor-element elementor-element-629b4e1b elementor-widget elementor-widget-text-editor\" data-id=\"629b4e1b\" data-element_type=\"widget\" data-e-type=\"widget\" data-widget_type=\"text-editor.default\">\n\t\t\t\t<div class=\"elementor-widget-container\">\n\t\t\t\t\t\t\t\t\t<p style=\"text-align: center;\"><strong>Alan Rowlands<\/strong><\/p><p style=\"text-align: center;\">PIANISTA CONCERTISTA E PROFESSOR, LONDRES, INGLATERRA<\/p><p>Eu nunca havia escutado Krishnamurti, mas algo me fez ir a sua palestra. Foi no edif\u00edcio Friends House, localizado na Euston Road, em 10 de maio de 1966. N\u00e3o encontrei nada nem ningu\u00e9m do lado de fora que pudesse me explicar quem Krishnamurti era ou o que iria acontecer ali. No interior, encontrei um ambiente cheio de pessoas peculiares em sil\u00eancio, al\u00e9m de uma \u00fanica cadeira sobre uma plataforma com um microfone a sua frente. Pensei que um apresentador provavelmente o introduziria para o p\u00fablico, mas isso n\u00e3o aconteceu. Exatamente sete horas, um pequeno homem subiu na plataforma, sentou-se e come\u00e7ou a falar, e uma hora depois ele se retirou.<\/p><p>Eu sai quase em estado de \u00eaxtase, sem falar com ningu\u00e9m, pois acho que percebi desde ent\u00e3o que aquela hora fora uma das experi\u00eancias mais importantes de minha vida. A partir do momento em que ele come\u00e7ou a falar, senti que conversava diretamente comigo, que suas palavras tinham como alvo precisamente o estado de mente em que me encontrava naquele momento. Ele passou uma impress\u00e3o extraordin\u00e1ria de autoridade (no sentido de algu\u00e9m que entende totalmente daquilo que fala) e toda a experi\u00eancia carregou um sentimento estranho de completude, o qual eu n\u00e3o queria tocar.<\/p><p>Eu me recordo de ter assistido a uma palestra de Billy Graham na mesma semana. Houve uma tremenda prepara\u00e7\u00e3o \u2013 palestrantes introdut\u00f3rios, bandas, corais, e ent\u00e3o o grande homem em pessoa. Ele torceu nossos cora\u00e7\u00f5es, mas quando convidou as pessoas a irem em dire\u00e7\u00e3o a Cristo, eu caminhei na dire\u00e7\u00e3o contr\u00e1ria. Assim, percebe-se um contraste total com aquela palestra tranquila na Euston Road.<\/p><p>No ano seguinte, em 1967, li sobre a reuni\u00e3o que aconteceria em Saanen em um an\u00fancio de jornal e ent\u00e3o fui a ela. Dorothy Simmons estava l\u00e1, mas eu s\u00f3 vim a encontrar-me com ela nas palestras de Wimbledon, em 1969, quando todos os interessados em Brockwood foram convidados a ir e a falar com ela em uma mesa no sagu\u00e3o. Foi o que eu fiz, bastante nervoso. Dorothy foi muito aberta, e me convidou a visitar a escola Brockwood Park e a ajud\u00e1-la a preparar o lugar, o que eu fiz regularmente naquele ano, conhecendo Krishnaji pela primeira vez quando ele chegou em maio.<\/p><p>Mais tarde naquele mesmo ano ela me perguntou se eu poderia ensinar piano. Comecei em setembro de 1970, e continuo at\u00e9 hoje \u2013 23 anos depois! Inicialmente tivemos um piano emprestado no c\u00f4modo principal at\u00e9 que, na \u00e9poca da universidade, consegui o piano de cauda (1904) que temos hoje, por \u00a3200.<\/p><p>Nos princ\u00edpios de 1969, quando Alan Hooker era o cozinheiro, sent\u00e1vamos todos ao redor da grande mesa na cozinha. Krishnaji as vezes conversava conosco durante ou ap\u00f3s a refei\u00e7\u00e3o.<\/p><p>As vezes ele gostava de contar piadas. Eu achava que uma das melhores era a dos Tr\u00eas Homens S\u00e1bios visitando o Menino Jesus em Bel\u00e9m. Ap\u00f3s fazer suas homenagens, um deles se levantou e bateu a cabe\u00e7a em uma viga. \u201cJesus Cristo!\u201d, ele exclamou. \u201cAh, esse \u00e9 um bom nome,\u201d Maria disse, \u201cEst\u00e1vamos pensando em chama-lo de Fred.\u201d<\/p><p>Krishnaji era t\u00edmido por natureza, e mencionou isso em uma conversa que tive com ele em 1970. Eu vinha tentando expor alguns problemas que estavam me incomodando, mas ele n\u00e3o queria discutir nenhum deles em detalhes, apenas dizendo, \u201cVoc\u00ea n\u00e3o pode simplesmente deixar tudo isso pra l\u00e1?\u201d.\u00a0 Um pouco mais tarde ele mesmo introduziu o t\u00f3pico da timidez (que eu n\u00e3o havia mencionado) e falou da experiencia de entrar em um c\u00f4modo cheio de pessoas e como era poss\u00edvel deix\u00e1-las dialogar \u2013 elas eram apenas pessoas confusas a procura de respostas. Ele disse, \u201cDeixe as outras partes de si mesmo contar a hist\u00f3ria.\u201d Essa refer\u00eancia aos outros como \u201cas outras partes de si mesmo\u201d causou uma grande impress\u00e3o em mim.<\/p><p>Outras coisas que ele falou que seguem comigo at\u00e9 hoje s\u00e3o, \u201capenas observe\u201d, \u201cveja o que acontece\u201d, e \u201cvoc\u00ea n\u00e3o pode mudar aquelas nuvens.\u201d<\/p><p>Naquela \u00e9poca, algumas das reuni\u00f5es com a equipe eram bem intensas. Em uma delas ele questionou com grande urg\u00eancia, \u201cQual \u00e9 a coisa mais importante na sua vida?\u201d. Tentamos responder de v\u00e1rias maneiras, tanto idealistas quanto reais, mas nada o satisfazia. Ele n\u00e3o toleraria nada do que havia sido dito antes, mas ele continuou questionando a mesma coisa. Finalmente, ap\u00f3s aproximadamente uma hora, ele disse, \u201cEu me pergunto se ajudaria se eu dissesse qual \u00e9 a coisa mais importante para mim.\u201d Ele pareceu hesitar e ent\u00e3o disse, \u201cSer nada, absolutamente nada.\u201d<\/p><p>Alan Hower estava vivendo em Columbus, em Ohio, e viajava frequentemente como um professor teos\u00f3fico quando teve acesso aos trabalhos de Krishnamurti em 1945. Foi o in\u00edcio de um compromisso que durou at\u00e9 o falecimento de Alan, em 1993.<\/p><p>Ap\u00f3s se mudar para Ojai no fim dos anos 1940, pediram que ele cuidasse da alimenta\u00e7\u00e3o e do alojamento das pessoas. Ele tamb\u00e9m continuou cozinhando em Saanen e Brockwood por muitos anos.<\/p><p>Algum tempo antes, ele e sua esposa, Helen, haviam aberto um restaurante a c\u00e9u aberto, The Ranch House, em Ojai, na California. O restaurante oferecia uma culin\u00e1ria incomum, com vegetais frescos e ervas. Ele acrescentou aves, peixes e carne ao menu, uma vez que na \u00e9poca n\u00e3o havia vegetarianos suficientes para manter o restaurante. Alan Hooker \u00e9 conhecido como \u201cO padrinho da culin\u00e1ria californiana\u201d.<\/p><p>\u00a0<\/p>\t\t\t\t\t\t\t\t<\/div>\n\t\t\t\t<\/div>\n\t\t\t\t\t<\/div>\n\t\t<\/div>\n\t\t\t\t\t<\/div>\n\t\t<\/section>\n\t\t\t\t<\/div>\n\t\t","protected":false},"excerpt":{"rendered":"<p>Alan Rowlands PIANISTA CONCERTISTA E PROFESSOR, LONDRES, INGLATERRA Eu nunca havia escutado Krishnamurti, mas algo me fez ir a sua palestra. Foi no edif\u00edcio Friends House, localizado na Euston Road, em 10 de maio de 1966. N\u00e3o encontrei nada nem ningu\u00e9m do lado de fora que pudesse me explicar quem Krishnamurti era ou o que [&hellip;]<\/p>\n","protected":false},"author":1,"featured_media":0,"parent":0,"menu_order":0,"comment_status":"closed","ping_status":"closed","template":"elementor_canvas","meta":{"footnotes":""},"class_list":["post-2032","page","type-page","status-publish","hentry","entry"],"_links":{"self":[{"href":"https:\/\/krishnamurtitextos.com.br\/index.php?rest_route=\/wp\/v2\/pages\/2032","targetHints":{"allow":["GET"]}}],"collection":[{"href":"https:\/\/krishnamurtitextos.com.br\/index.php?rest_route=\/wp\/v2\/pages"}],"about":[{"href":"https:\/\/krishnamurtitextos.com.br\/index.php?rest_route=\/wp\/v2\/types\/page"}],"author":[{"embeddable":true,"href":"https:\/\/krishnamurtitextos.com.br\/index.php?rest_route=\/wp\/v2\/users\/1"}],"replies":[{"embeddable":true,"href":"https:\/\/krishnamurtitextos.com.br\/index.php?rest_route=%2Fwp%2Fv2%2Fcomments&post=2032"}],"version-history":[{"count":4,"href":"https:\/\/krishnamurtitextos.com.br\/index.php?rest_route=\/wp\/v2\/pages\/2032\/revisions"}],"predecessor-version":[{"id":2039,"href":"https:\/\/krishnamurtitextos.com.br\/index.php?rest_route=\/wp\/v2\/pages\/2032\/revisions\/2039"}],"wp:attachment":[{"href":"https:\/\/krishnamurtitextos.com.br\/index.php?rest_route=%2Fwp%2Fv2%2Fmedia&parent=2032"}],"curies":[{"name":"wp","href":"https:\/\/api.w.org\/{rel}","templated":true}]}}