{"id":2000,"date":"2022-12-18T20:19:49","date_gmt":"2022-12-18T20:19:49","guid":{"rendered":"https:\/\/krishnamurtitextos.com.br\/?page_id=2000"},"modified":"2026-01-30T10:56:43","modified_gmt":"2026-01-30T10:56:43","slug":"relatos","status":"publish","type":"page","link":"https:\/\/krishnamurtitextos.com.br\/?page_id=2000","title":{"rendered":"Relatos"},"content":{"rendered":"<p style=\"text-align: center;\">Nesta p\u00e1gina encontram-se relatos de pessoas que tiveram contato com Krishnamurti e\/ou sua mensagem.<\/p>\n<p style=\"text-align: center;\">Para acessar o documento basta clicar no nome escolhido.<\/p>\n<ul>\n<li><strong><a style=\"color: #0000ff;\" href=\"https:\/\/krishnamurtitextos.com.br\/?page_id=2013\" target=\"_blank\" rel=\"noopener\">Achyut Pawardhan<\/a>&#8211;\u00a0 \u00a0 \u00a0 \u00a0 \u00a0 \u00a0 \u00a0 \u00a0 \u00a0<\/strong>Combatente anti-colonialista e fil\u00f3sofo, Madras, \u00cdndia<\/li>\n<li><a style=\"color: #0000ff;\" href=\"https:\/\/krishnamurtitextos.com.br\/?page_id=2024\" target=\"_blank\" rel=\"noopener\"><strong>Alan Kishbaugh<\/strong><\/a>&#8211;\u00a0 \u00a0 \u00a0 \u00a0 \u00a0 \u00a0 \u00a0 \u00a0 \u00a0 \u00a0 \u00a0 \u00a0Escritor, ambientalista, Los Angeles, Calif\u00f3rnia<\/li>\n<li><a style=\"color: #0000ff;\" href=\"https:\/\/krishnamurtitextos.com.br\/?page_id=2032\" target=\"_blank\" rel=\"noopener\"><strong>Alan Rowlands<\/strong><\/a>&#8211;\u00a0 \u00a0 \u00a0 \u00a0 \u00a0 \u00a0 \u00a0 \u00a0 \u00a0 \u00a0 \u00a0 \u00a0 \u00a0Pianista, concertista e professor, Londres, Inglaterra\u00a0 \u00a0<\/li>\n<li><a style=\"color: #0000ff;\" href=\"https:\/\/krishnamurtitextos.com.br\/?page_id=2044\" target=\"_blank\" rel=\"noopener\"><strong>Alan W.Anderson<\/strong><\/a>&#8211;\u00a0 \u00a0 \u00a0 \u00a0 \u00a0 \u00a0 \u00a0 \u00a0 \u00a0 \u00a0 \u00a0Professor em\u00e9rito de estudos religiosos, Universidade Estadual de San Diego<\/li>\n<li><a style=\"color: #0000ff;\" href=\"https:\/\/krishnamurtitextos.com.br\/?page_id=2055\" target=\"_blank\" rel=\"noopener\"><strong>Alasdair Coyne\u00a0 \u00a0 <\/strong><\/a>\u00a0 \u00a0 \u00a0 \u00a0 \u00a0 \u00a0 \u00a0 \u00a0 \u00a0 \u00a0 \u00a0 \u00a0 Paisagista jardineiro, ambientalista, Ojai, Calif\u00f3rnia<\/li>\n<li><a href=\"https:\/\/krishnamurtitextos.com.br\/?page_id=2066\" target=\"_blank\" rel=\"noopener\"><strong>Aldous Huxley<\/strong><\/a> &#8211;\u00a0 \u00a0 \u00a0 \u00a0 \u00a0 \u00a0 \u00a0 \u00a0 \u00a0 \u00a0 \u00a0 \u00a0 \u00a0Romancista e fil\u00f3sofo<\/li>\n<li><a style=\"color: #0000ff;\" href=\"https:\/\/krishnamurtitextos.com.br\/?page_id=2077\" target=\"_blank\" rel=\"noopener\"><strong>Angel Patrick Boyar<\/strong><\/a> &#8211;\u00a0 \u00a0 \u00a0 \u00a0 \u00a0 \u00a0 \u00a0 \u00a0 Escritor, ex-detento<\/li>\n<li><strong><a href=\"https:\/\/krishnamurtitextos.com.br\/?page_id=2088\" target=\"_blank\" rel=\"noopener\">Asha Lee<\/a>&#8211;<\/strong>\u00a0 \u00a0 \u00a0 \u00a0 \u00a0 \u00a0 \u00a0 \u00a0 \u00a0 \u00a0 \u00a0 \u00a0 \u00a0 \u00a0 \u00a0 \u00a0 \u00a0 \u00a0 Pediatra, Ojai, Calif\u00f3rnia<\/li>\n<li><a href=\"https:\/\/krishnamurtitextos.com.br\/?page_id=2099\" target=\"_blank\" rel=\"noopener\"><strong>Beatrice Wood<\/strong><\/a>&#8211;\u00a0 \u00a0 \u00a0 \u00a0 \u00a0 \u00a0 \u00a0 \u00a0 \u00a0 \u00a0 \u00a0 \u00a0 \u00a0 Ceramista e artista, Ojai, Calif\u00f3rnia<\/li>\n<li><a href=\"https:\/\/krishnamurtitextos.com.br\/?page_id=2110\" target=\"_blank\" rel=\"noopener\"><strong>Benjamin Weinniger<\/strong><\/a>&#8211;\u00a0 \u00a0 \u00a0 \u00a0 \u00a0 \u00a0 \u00a0 \u00a0 \u00a0Psiquiatra, Santa Barbara, Calif\u00f3nia<\/li>\n<li><a href=\"https:\/\/krishnamurtitextos.com.br\/?page_id=2121\" target=\"_blank\" rel=\"noopener\"><strong>David Bohm<\/strong><\/a>&#8211;\u00a0 \u00a0 \u00a0 \u00a0 \u00a0 \u00a0 \u00a0 \u00a0 \u00a0 \u00a0 \u00a0 \u00a0 \u00a0 \u00a0 \u00a0 \u00a0 F\u00edsico, Londres, Inglaterra<\/li>\n<li><a href=\"https:\/\/krishnamurtitextos.com.br\/?page_id=2132\" target=\"_blank\" rel=\"noopener\"><strong>David Shainberg<\/strong><\/a>&#8211;\u00a0 \u00a0 \u00a0 \u00a0 \u00a0 \u00a0 \u00a0 \u00a0 \u00a0 \u00a0 \u00a0 \u00a0 Doutor em medicina psiquiatra, Nova Iorque<\/li>\n<li><a href=\"https:\/\/krishnamurtitextos.com.br\/?page_id=2143\" target=\"_blank\" rel=\"noopener\"><strong>Dorothy Simmons<\/strong><\/a>&#8211;\u00a0 \u00a0 \u00a0 \u00a0 \u00a0 \u00a0 \u00a0 \u00a0 \u00a0 \u00a0 \u00a0 Diretora fundadora, centro educacional Brockwood Park, Bramdean, Regi\u00e3o de Alresford, Inglaterra<\/li>\n<li><a href=\"https:\/\/krishnamurtitextos.com.br\/?page_id=2154\" target=\"_blank\" rel=\"noopener\"><strong>Doutora Sarjit Siddoo<\/strong><\/a>&#8211;\u00a0 \u00a0 \u00a0 \u00a0 \u00a0 \u00a0 \u00a0 \u00a0Fundadora, Village Hospital, Punjab, \u00cdndia, e centro educacional Canad\u00e1<\/li>\n<li><a href=\"https:\/\/krishnamurtitextos.com.br\/?page_id=2165\" target=\"_blank\" rel=\"noopener\"><strong>Erna Lilliefelt<\/strong><\/a>&#8211;\u00a0 \u00a0 \u00a0 \u00a0 \u00a0 \u00a0 \u00a0 \u00a0 \u00a0 \u00a0 \u00a0 \u00a0 \u00a0 \u00a0 \u00a0 Empres\u00e1ria, Ojai, Calif\u00f3rnia e curadora da KFA<\/li>\n<li><a href=\"https:\/\/krishnamurtitextos.com.br\/?page_id=2176\" target=\"_blank\" rel=\"noopener\"><strong>Friedrich Grohe<\/strong><\/a>&#8211;\u00a0 \u00a0 \u00a0 \u00a0 \u00a0 \u00a0 \u00a0 \u00a0 \u00a0 \u00a0 \u00a0 \u00a0 \u00a0 Empres\u00e1rio alem\u00e3o aposentando<\/li>\n<li><a href=\"http:\/\/localhost\/t4\/?page_id=951\" target=\"_blank\" rel=\"noopener\" data-wplink-url-error=\"true\"><strong>F<\/strong><\/a><a href=\"https:\/\/krishnamurtitextos.com.br\/?page_id=2189\" target=\"_blank\" rel=\"noopener\"><strong>riedrich Grohe &#8211; 2<\/strong><\/a><\/li>\n<li><a href=\"https:\/\/krishnamurtitextos.com.br\/?page_id=2198\" target=\"_blank\" rel=\"noopener\"><strong>Gary M. Deutsch<\/strong><\/a><\/li>\n<li><a href=\"https:\/\/krishnamurtitextos.com.br\/?page_id=2209\" target=\"_blank\" rel=\"noopener\"><strong>Giddu Narayanan<\/strong><\/a>&#8211;\u00a0 \u00a0 \u00a0 \u00a0 \u00a0 \u00a0 \u00a0 \u00a0 \u00a0 \u00a0 \u00a0 \u00a0 Educador, Valley School, Bangalore, \u00cdndia<\/li>\n<li>\n<p><a href=\"https:\/\/krishnamurtitextos.com.br\/?page_id=2220\" target=\"_blank\" rel=\"noopener\"><strong>Harry Wolfe<\/strong><\/a>&#8211;\u00a0 \u00a0 \u00a0 \u00a0 \u00a0 \u00a0 \u00a0 \u00a0 \u00a0 \u00a0 \u00a0 \u00a0 \u00a0 \u00a0 \u00a0 \u00a0 \u00a0Empres\u00e1rio, Los Angeles, Calif\u00f3nia<\/p>\n<\/li>\n<\/ul>\n<ul>\n<li><a href=\"https:\/\/krishnamurtitextos.com.br\/?page_id=2231\" target=\"_blank\" rel=\"noopener\"><strong>Hillary Peter Rodrigues<\/strong><\/a>&#8211;\u00a0 \u00a0 \u00a0 \u00a0 \u00a0 \u00a0 \u00a0 \u00a0PHD, Professor de estudos religiosos, Universidade de Lethbridge, Canad\u00e1<\/li>\n<li><a href=\"https:\/\/krishnamurtitextos.com.br\/?page_id=2242\" target=\"_blank\" rel=\"noopener\"><strong>Howard Fast<\/strong><\/a>&#8211;\u00a0 \u00a0 \u00a0 \u00a0 \u00a0 \u00a0 \u00a0 \u00a0 \u00a0 \u00a0 \u00a0 \u00a0 \u00a0 \u00a0 \u00a0 \u00a0 \u00a0 Romancista e dramaturgo, Nova Iorque<\/li>\n<li><a href=\"https:\/\/krishnamurtitextos.com.br\/?page_id=2253\" target=\"_blank\" rel=\"noopener\"><strong>Jean Michel Maroger<\/strong><\/a>&#8211;\u00a0 \u00a0 \u00a0 \u00a0 \u00a0 \u00a0 \u00a0 \u00a0 \u00a0 \u00a0Consultor de transporte, Pontlevoy, Fran\u00e7a<\/li>\n<li><a href=\"https:\/\/krishnamurtitextos.com.br\/?page_id=2264\" target=\"_blank\" rel=\"noopener\"><strong>Juan Colell<\/strong><\/a>&#8211;\u00a0 \u00a0 \u00a0 \u00a0 \u00a0 \u00a0 \u00a0 \u00a0 \u00a0 \u00a0 \u00a0 \u00a0 \u00a0 \u00a0 \u00a0 \u00a0 \u00a0 \u00a0 \u00a0Farmaceutico, Barcelona, Espanha<\/li>\n<li><a href=\"https:\/\/krishnamurtitextos.com.br\/?page_id=2275\" target=\"_blank\" rel=\"noopener\"><strong>Julie Desnick<\/strong><\/a>&#8211;\u00a0 \u00a0 \u00a0 \u00a0 \u00a0 \u00a0 \u00a0 \u00a0 \u00a0 \u00a0 \u00a0 \u00a0 \u00a0 \u00a0 \u00a0 \u00a0 \u00a0Estudante americana, Centro Educacional de Brockwood Park<\/li>\n<li><a href=\"https:\/\/krishnamurtitextos.com.br\/?page_id=2283\" target=\"_blank\" rel=\"noopener\"><strong>Leena Sarabhai<\/strong><\/a>&#8211;\u00a0 \u00a0 \u00a0 \u00a0 \u00a0 \u00a0 \u00a0 \u00a0 \u00a0 \u00a0 \u00a0 \u00a0 \u00a0 \u00a0 \u00a0P\u00e1ginas de um di\u00e1rio<\/li>\n<li><a href=\"https:\/\/krishnamurtitextos.com.br\/?page_id=2295\" target=\"_blank\" rel=\"noopener\"><strong>Mark Lee<\/strong><\/a>&#8211;\u00a0 \u00a0 \u00a0 \u00a0 \u00a0 \u00a0 \u00a0 \u00a0 \u00a0 \u00a0 \u00a0 \u00a0 \u00a0 \u00a0 \u00a0 \u00a0 \u00a0 \u00a0 \u00a0 \u00a0 \u00a0Diretor executivo, KFA<\/li>\n<li><a href=\"https:\/\/krishnamurtitextos.com.br\/?page_id=2307\" target=\"_blank\" rel=\"noopener\"><strong>Mary Cadogan<\/strong><\/a>&#8211;\u00a0 \u00a0 \u00a0 \u00a0 \u00a0 \u00a0 \u00a0 \u00a0 \u00a0 \u00a0 \u00a0 \u00a0 \u00a0 \u00a0 \u00a0 \u00a0 Escritora, Londres, Inglaterra<\/li>\n<li><a href=\"https:\/\/krishnamurtitextos.com.br\/?page_id=2318\" target=\"_blank\" rel=\"noopener\"><strong>Mary Zimbalist<\/strong><\/a>&#8211;\u00a0 \u00a0 \u00a0 \u00a0 \u00a0 \u00a0 \u00a0 \u00a0 \u00a0 \u00a0 \u00a0 \u00a0 \u00a0 \u00a0 \u00a0 \u00a0Assistente pessoal de Krishnamurti<\/li>\n<li><a href=\"https:\/\/krishnamurtitextos.com.br\/?page_id=2329\" target=\"_blank\" rel=\"noopener\"><strong>Michael Krohnen<\/strong><\/a>&#8211;\u00a0 \u00a0 \u00a0 \u00a0 \u00a0 \u00a0 \u00a0 \u00a0 \u00a0 \u00a0 \u00a0 \u00a0 \u00a0 \u00a0Chefe de cozinha, Krefeld, Alemanha<\/li>\n<li><a href=\"https:\/\/krishnamurtitextos.com.br\/?page_id=2340\" target=\"_blank\" rel=\"noopener\"><strong>Michael Mendizza<\/strong><\/a>&#8211;\u00a0 \u00a0 \u00a0 \u00a0 \u00a0 \u00a0 \u00a0 \u00a0 \u00a0 \u00a0 \u00a0 \u00a0 \u00a0Cineasta, Los Angeles, Calif\u00f3rnia<\/li>\n<li><a href=\"https:\/\/krishnamurtitextos.com.br\/?page_id=2351\" target=\"_blank\" rel=\"noopener\"><strong>Professor P. Krishna<\/strong><\/a>&#8211;\u00a0 \u00a0 \u00a0 \u00a0 \u00a0 \u00a0 \u00a0 \u00a0 \u00a0 \u00a0 \u00a0 Centro educacional Rajghat, Varanasi, \u00cdndia<\/li>\n<li><a href=\"https:\/\/krishnamurtitextos.com.br\/?page_id=2362\" target=\"_blank\" rel=\"noopener\"><strong>Pama Patwardhan<\/strong><\/a>&#8211;\u00a0 \u00a0 \u00a0 \u00a0 \u00a0 \u00a0 \u00a0 \u00a0 \u00a0 \u00a0 \u00a0 \u00a0 \u00a0 Editor e secret\u00e1rio da Funda\u00e7\u00e3o Krishnamurti da \u00cdndia<\/li>\n<li><a href=\"https:\/\/krishnamurtitextos.com.br\/?page_id=2370\" target=\"_blank\" rel=\"noopener\"><strong>Professor S. Rinpoche<\/strong><\/a>&#8211;\u00a0 \u00a0 \u00a0 \u00a0 \u00a0 \u00a0 \u00a0 \u00a0 \u00a0 \u00a0Instituto central de estudos tibetanos superiores, Sarnath, \u00cdndia<\/li>\n<li><a href=\"https:\/\/krishnamurtitextos.com.br\/?page_id=2381\" target=\"_blank\" rel=\"noopener\"><strong>Rom Landau<\/strong><\/a><\/li>\n<li><a href=\"https:\/\/krishnamurtitextos.com.br\/?page_id=2389\" target=\"_blank\" rel=\"noopener\"><strong>Shigatoshi Takahashi<\/strong><\/a>&#8211;\u00a0 \u00a0 \u00a0 \u00a0 \u00a0 \u00a0 \u00a0 \u00a0 \u00a0 \u00a0 \u00a0 Empres\u00e1rio, T\u00f3quio, Jap\u00e3o<\/li>\n<li><a href=\"https:\/\/krishnamurtitextos.com.br\/?page_id=2400\" target=\"_blank\" rel=\"noopener\"><strong>Sunanda Patwardhan<\/strong><\/a> &#8211;\u00a0 \u00a0 \u00a0 \u00a0 \u00a0 \u00a0 \u00a0 \u00a0 \u00a0 \u00a0 \u00a0PHD, sociologia, Poona, \u00cdndia<\/li>\n<li><a href=\"https:\/\/krishnamurtitextos.com.br\/?page_id=2411\" target=\"_blank\" rel=\"noopener\"><strong>T.K.V. Desikachar<\/strong><\/a>&#8211;\u00a0 \u00a0 \u00a0 \u00a0 \u00a0 \u00a0 \u00a0 \u00a0 \u00a0 \u00a0 \u00a0 \u00a0 \u00a0 \u00a0 \u00a0Mestre de yoga, Madras, \u00cdndia<\/li>\n<li>\n<p><a href=\"https:\/\/krishnamurtitextos.com.br\/?page_id=2419\" target=\"_blank\" rel=\"noopener\"><strong>Willian Quinn<\/strong><\/a>&#8211;\u00a0 \u00a0 \u00a0 \u00a0 \u00a0 \u00a0 \u00a0 \u00a0 \u00a0 \u00a0 \u00a0 \u00a0 \u00a0 \u00a0 \u00a0 \u00a0 \u00a0 \u00a0 Cofundador, Instituto Esalen, Big Sur, Calif\u00f3rnia<\/p>\n<\/li>\n<\/ul>\n","protected":false},"excerpt":{"rendered":"<p>Nesta p\u00e1gina encontram-se relatos de pessoas que tiveram contato com Krishnamurti e\/ou sua mensagem. Para acessar o documento basta clicar no nome escolhido. Achyut Pawardhan&#8211;\u00a0 \u00a0 \u00a0 \u00a0 \u00a0 \u00a0 \u00a0 \u00a0 \u00a0Combatente anti-colonialista e fil\u00f3sofo, Madras, \u00cdndia Alan Kishbaugh&#8211;\u00a0 \u00a0 \u00a0 \u00a0 \u00a0 \u00a0 \u00a0 \u00a0 \u00a0 \u00a0 \u00a0 \u00a0Escritor, ambientalista, Los Angeles, Calif\u00f3rnia [&hellip;]<\/p>\n","protected":false},"author":1,"featured_media":0,"parent":0,"menu_order":0,"comment_status":"closed","ping_status":"closed","template":"elementor_canvas","meta":{"footnotes":""},"class_list":["post-2000","page","type-page","status-publish","hentry","entry"],"_links":{"self":[{"href":"https:\/\/krishnamurtitextos.com.br\/index.php?rest_route=\/wp\/v2\/pages\/2000","targetHints":{"allow":["GET"]}}],"collection":[{"href":"https:\/\/krishnamurtitextos.com.br\/index.php?rest_route=\/wp\/v2\/pages"}],"about":[{"href":"https:\/\/krishnamurtitextos.com.br\/index.php?rest_route=\/wp\/v2\/types\/page"}],"author":[{"embeddable":true,"href":"https:\/\/krishnamurtitextos.com.br\/index.php?rest_route=\/wp\/v2\/users\/1"}],"replies":[{"embeddable":true,"href":"https:\/\/krishnamurtitextos.com.br\/index.php?rest_route=%2Fwp%2Fv2%2Fcomments&post=2000"}],"version-history":[{"count":211,"href":"https:\/\/krishnamurtitextos.com.br\/index.php?rest_route=\/wp\/v2\/pages\/2000\/revisions"}],"predecessor-version":[{"id":2872,"href":"https:\/\/krishnamurtitextos.com.br\/index.php?rest_route=\/wp\/v2\/pages\/2000\/revisions\/2872"}],"wp:attachment":[{"href":"https:\/\/krishnamurtitextos.com.br\/index.php?rest_route=%2Fwp%2Fv2%2Fmedia&parent=2000"}],"curies":[{"name":"wp","href":"https:\/\/api.w.org\/{rel}","templated":true}]}}