{"id":1701,"date":"2022-12-18T16:45:24","date_gmt":"2022-12-18T16:45:24","guid":{"rendered":"https:\/\/krishnamurtitextos.com.br\/?page_id=1701"},"modified":"2023-01-02T21:44:03","modified_gmt":"2023-01-02T21:44:03","slug":"18-01-1954","status":"publish","type":"page","link":"https:\/\/krishnamurtitextos.com.br\/?page_id=1701","title":{"rendered":"18\/01\/1954"},"content":{"rendered":"\t\t<div data-elementor-type=\"wp-page\" data-elementor-id=\"1701\" class=\"elementor elementor-1701\">\n\t\t\t\t\t\t<section class=\"elementor-section elementor-top-section elementor-element elementor-element-69f0675c elementor-section-boxed elementor-section-height-default elementor-section-height-default\" data-id=\"69f0675c\" data-element_type=\"section\" data-e-type=\"section\">\n\t\t\t\t\t\t<div class=\"elementor-container elementor-column-gap-default\">\n\t\t\t\t\t<div class=\"elementor-column elementor-col-100 elementor-top-column elementor-element elementor-element-78e581fa\" data-id=\"78e581fa\" data-element_type=\"column\" data-e-type=\"column\">\n\t\t\t<div class=\"elementor-widget-wrap elementor-element-populated\">\n\t\t\t\t\t\t<div class=\"elementor-element elementor-element-28014516 elementor-widget elementor-widget-text-editor\" data-id=\"28014516\" data-element_type=\"widget\" data-e-type=\"widget\" data-widget_type=\"text-editor.default\">\n\t\t\t\t<div class=\"elementor-widget-container\">\n\t\t\t\t\t\t\t\t\t<p style=\"text-align: center;\"><strong>\u00a011\u00b0 Conversa com alunos da escola Rajghat \u2013 Banaras, \u00cdndia<\/strong><\/p><p>Acho que devemos falar sobre algo do qual alguns de n\u00f3s podem estar cientes, isto \u00e9, o desejo peculiar de poder sobre os outros e sobre si mesmo que a maioria de n\u00f3s tem.<\/p><p>Eu acho que o poder \u00e9 um dos desejos mais profundos, por tr\u00e1s do qual reside realmente aquele medo que vem de uma sensa\u00e7\u00e3o de solid\u00e3o, de uma sensa\u00e7\u00e3o de frustra\u00e7\u00e3o. O que estou dizendo pode ser dif\u00edcil, mas por favor, ou\u00e7a. Se algu\u00e9m pode entender isto e ir al\u00e9m, ent\u00e3o existe um tipo diferente de estado no qual o amor est\u00e1. Se n\u00e3o se tem esse amor, a vida se torna mon\u00f3tona, cansativa, vazia e superficial.<\/p><p>Eu acho que \u00e9 importante entender essa coisa que chamamos de poder \u2013 n\u00e3o o poder el\u00e9trico ou o poder \u00e0 vapor, n\u00e3o a capacidade de fazer algo eficientemente, o que \u00e9 tudo necess\u00e1rio. Estou falando de algo que \u00e9 de maior significado, de valor muito profundo e sem entender qual efici\u00eancia, a capacidade de fazer as coisas se torna um meio de criar grande mis\u00e9ria, grande sofrimento para o homem.<\/p><p>A maioria de n\u00f3s deseja poder de algum tipo, pode ser sobre o filho, a esposa ou marido, pode ser sobre um grupo de pessoas, em nome de um ideal ou em nome de um pa\u00eds. Este poder, este desejo de ter poder sobre os outros est\u00e1 sempre operando \u2013 mesmo sobre um empregado para dar-lhe ordens, ficar com raiva dele, for\u00e7\u00e1-lo. Esse desejo de poder n\u00e3o nasce de um sentimento de solid\u00e3o? Voc\u00ea j\u00e1 se sentiu solit\u00e1rio? Voc\u00ea sabe o que \u00e9 estar sozinho, n\u00e3o ter amigos, estar completamente sozinho, ser um ser isolado? N\u00e3o ter nenhum amigo, nenhum sentimento de algu\u00e9m em quem voc\u00ea possa contar ou em quem voc\u00ea possa confiar, estar em um estado de completo autoisolamento. Provavelmente, voc\u00ea n\u00e3o sentiu. A maioria de voc\u00eas evita, foge disso. Voc\u00ea s\u00f3 \u00e9 despertado para isso em uma grande crise, na morte, mas voc\u00ea foge disso. Sem entender esse vazio, o mero controle atrav\u00e9s do poder leva a toda forma de frustra\u00e7\u00e3o.<\/p><p>Provavelmente, \u00e9 muito dif\u00edcil entender tudo isso enquanto se \u00e9 jovem, mas deve-se falar muito sobre isso, pois quando se envelhece, come\u00e7a-se a ter poder sobre os outros e sobre si mesmo. O sannyasi quer ter poder sobre si mesmo e, portanto se controla atrav\u00e9s do ascetismo; isso lhe d\u00e1 uma sensa\u00e7\u00e3o de poder, uma sensa\u00e7\u00e3o de dom\u00ednio sobre si mesmo, sobre seus desejos. O fato de ele querer apenas algumas coisas para si mesmo cria nele uma extraordin\u00e1ria sensa\u00e7\u00e3o de poder, um poder que \u00e9 egoc\u00eantrico. E voc\u00ea tamb\u00e9m exige poder sobre os outros e nisso voc\u00ea sente uma grande sensa\u00e7\u00e3o de liberta\u00e7\u00e3o, de felicidade, de prazer. Voc\u00ea se sente capaz de dominar milhares de pessoas atrav\u00e9s de ideias, poder pol\u00edtico, palavras. O medo est\u00e1 por tr\u00e1s de todo esse desejo de poder.<\/p><p>Afinal, quando voc\u00ea se compara com algu\u00e9m, com uma ideia, uma pessoa, com um exemplo, o desejo de poder n\u00e3o est\u00e1 por tr\u00e1s dessa compara\u00e7\u00e3o? \u201cN\u00e3o tenho poder nem posi\u00e7\u00e3o e capacidade, mas se eu puder imitar um her\u00f3i, copi\u00e1-lo, eu me tornarei poderoso, serei algu\u00e9m.\u201d Portanto, o pr\u00f3prio desejo de ser algu\u00e9m, a c\u00f3pia, a imita\u00e7\u00e3o, a compara\u00e7\u00e3o, me d\u00e1 uma sensa\u00e7\u00e3o de poder.<\/p><p>Eu acho que \u00e9 muito importante entender isso enquanto somos jovens, pois \u00e9 isso que quase todo mundo est\u00e1 procurando no mundo. O funcion\u00e1rio quer ter poder sobre seu gerente, e o chefe tem in\u00fameros funcion\u00e1rios sobre os quais tem poder. Os ministros t\u00eam poder para dar posi\u00e7\u00e3o, prest\u00edgio e tem os meios para controlar os outros. Toda a estrutura da sociedade se baseia nisso, e achamos que podemos usar o poder como meio de mudar a vida das pessoas. A pr\u00f3pria posse do poder \u00e9 um grande prazer. O homem no poder diz: \u201cEstou fazendo isso pelo bem do meu pa\u00eds, estou fazendo isso pelo bem de um ideal\u201d. Quando ele diz isso, ele est\u00e1 consciente de que ele est\u00e1 em uma posi\u00e7\u00e3o de autoridade e que est\u00e1 controlando as pessoas.<\/p><p>Isso tem que ser entendido enquanto voc\u00ea est\u00e1 sendo educado, enquanto voc\u00ea est\u00e1 na escola ou faculdade. Voc\u00ea tem que ver se pode viver neste mundo sem dominar as pessoas, sem control\u00e1-las, sem moldar suas mentes. Afinal, cada um de n\u00f3s \u00e9 t\u00e3o importante quanto o pol\u00edtico, o detentor do poder. Cada um de n\u00f3s quer crescer em liberdade para que possamos ser o que somos, para que possamos compreender o que somos e, a partir disso, agir. Para que n\u00e3o haja imposi\u00e7\u00e3o da sociedade, dos nossos professores, dos nossos pais ou de qualquer outra pessoa que esteja tentando dominar e moldar nossas vidas particulares. \u00c9 muito dif\u00edcil se opor a tudo isso, pois cada um de n\u00f3s quer poder. O professor quer se tornar o diretor, pois o diretor tem poder sobre muitas pessoas e tem mais dinheiro.<\/p><p>Quando voc\u00ea \u00e9 controlado por outro atrav\u00e9s do dinheiro, posi\u00e7\u00e3o, atrav\u00e9s do status, o sentimento de que voc\u00ea \u00e9 um indiv\u00edduo, um ser humano, uma \u00fanica unidade, \u00e9 completamente negado, destru\u00eddo. Enquanto que, a meu ver, \u00e9 muito importante em uma escola deste tipo que criemos o sentimento de que esta \u00e9 a nossa escola, sua e minha, no sentido de que voc\u00ea como aluno \u00e9 t\u00e3o importante quanto o professor ou o diretor. Esse sentimento de \u201cnosso\u201d n\u00e3o existe em nenhum lugar do mundo \u2013 o sentimento de que esta \u00e9 a nossa Terra, sua e minha, n\u00e3o dos russos, americanos, dos ingleses ou africanos. O sentimento de que \u00e9 o nosso mundo, n\u00e3o um mundo comunista, socialista ou capitalista; o sentimento de que \u00e9 a nossa Terra na qual voc\u00ea, eu e outros podemos viver e ser livres para descobrir todo o significado de viver.<\/p><p>O significado e a compreens\u00e3o de viver s\u00e3o negados se estivermos buscando poder sob qualquer forma. A m\u00e3e tem poder sobre o filho pequeno e quer que ele cres\u00e7a de uma certa maneira. O pai diz: \u201cIsso \u00e9 o que ele deve ser\u201d, e o empurra para um padr\u00e3o. Mas, a educa\u00e7\u00e3o \u00e9 certamente a liberta\u00e7\u00e3o da mente para que ela funcione em liberdade sem qualquer distor\u00e7\u00e3o, sem qualquer corrup\u00e7\u00e3o pelo poder, pela compara\u00e7\u00e3o. Devemos criar tal escola, voc\u00ea e eu devemos cri\u00e1-la. Caso contr\u00e1rio, voc\u00ea sair\u00e1 desta escola e faculdade como qualquer outro ser humano, est\u00fapido com seu c\u00e9rebro cheio de informa\u00e7\u00f5es superficiais. Voc\u00ea n\u00e3o ter\u00e1 nenhuma iniciativa pr\u00f3pria clara, mas ser\u00e1 uma m\u00e1quina movida pelas circunst\u00e2ncias, pela sociedade, pelo pol\u00edtico, porque cada um de voc\u00eas quer poder como o pol\u00edtico.<\/p><p>Portanto, mesmo que voc\u00ea n\u00e3o entenda por enquanto o que estou dizendo, converse com seus professores, fa\u00e7a-os explicar tudo isso para voc\u00ea, que esta \u00e9 a nossa Terra onde todos os seres humanos podem viver, compreender, exercer suas capacidades sem destruir ningu\u00e9m. No momento em que queremos usar nossa capacidade para ganhar poder, posi\u00e7\u00e3o, prest\u00edgio, n\u00f3s destru\u00edmos. Ent\u00e3o, devemos falar sobre como criar uma escola aqui, onde cada um de n\u00f3s, o aluno, o professor, os membros da funda\u00e7\u00e3o, todos criam este lugar juntos \u2013 com voc\u00ea como aluno cuidando das \u00e1rvores e das estradas, sentindo e cuidando das coisas que s\u00e3o da Terra, n\u00e3o porque \u00e9 a sua escola, mas porque \u00e9 a nossa Terra.<\/p><p>Acho que esse \u00e9 o \u00fanico esp\u00edrito que vai salvar o mundo, n\u00e3o inven\u00e7\u00f5es cient\u00edficas inteligentes, mas a sensa\u00e7\u00e3o de que voc\u00ea e eu estamos criando juntos em um mundo que \u00e9 nosso. Mas isso \u00e9 muito dif\u00edcil de acontecer, porque agora tudo \u00e9 \u201cmeu\u201d e n\u00e3o \u201cnosso\u201d, o \u201cmeu\u201d est\u00e1 sendo dividido em muitas classes, muitas propriedades, muitas fun\u00e7\u00f5es, muitas nacionalidades. Esse sentimento de \u201cnosso\u201d n\u00e3o existe neste mundo, mas sem esse sentimento n\u00e3o teremos paz no mundo. Portanto, \u00e9 muito importante que voc\u00ea, enquanto jovem, compreenda isso e tenha esse sentimento para que, ao sair deste lugar, voc\u00ea possa criar um novo mundo e uma nova gera\u00e7\u00e3o.<\/p><p><strong>Interrogante:<\/strong> Por que nos sentimos tristes quando morre algu\u00e9m que conhecemos, que amamos?<\/p><p><strong>Krishnamurti:<\/strong> Voc\u00ea se sente triste quando algum amigo ou parente pr\u00f3ximo morre. Voc\u00ea se sente triste pela pessoa que est\u00e1 morta ou por voc\u00ea mesmo? A outra pessoa se foi, e voc\u00ea \u00e9 deixado para enfrentar a vida. Com essa pessoa voc\u00ea se sentiu um pouco seguro, um pouco feliz, sentiu um companheirismo, uma amizade. Essa pessoa se foi, e voc\u00ea fica inseguro, n\u00e3o \u00e9? Voc\u00ea est\u00e1 constantemente ciente da sua solid\u00e3o. Voc\u00ea est\u00e1 ciente de que foi despojado de companheirismo. Havia uma pessoa com quem voc\u00ea podia conversar e expressar como voc\u00ea era. Quando essa pessoa se vai, voc\u00ea se sente muito triste. Por sua solid\u00e3o, por n\u00e3o ter ningu\u00e9m a quem recorrer, voc\u00ea se sente muito triste, mas n\u00e3o se sente triste por essa pessoa, voc\u00ea se sente triste por si mesmo. E sentindo-se triste, voc\u00ea cria todos os tipos de teorias, todos os tipos de cren\u00e7as.<\/p><p>\u00c9 muito importante entender esse processo de depend\u00eancia. Por que algu\u00e9m deve depender de outro? Para certas coisas, eu dependo do leiteiro, do carteiro, do homem que dirige a locomotiva, do banco ou do policial, mas minha depend\u00eancia em rela\u00e7\u00e3o a eles \u00e9 totalmente diferente da depend\u00eancia baseada no medo e na demanda interna por conforto. Como n\u00e3o sei como viver, estou confuso, estou sozinho, quero que algu\u00e9m me ajude, quero algu\u00e9m que me guie, algu\u00e9m em quem eu possa confiar, um mestre, um livro ou uma ideia. Quando essa depend\u00eancia \u00e9 tirada de mim, sinto-me perdido e essa sensa\u00e7\u00e3o de perda gera sofrimento.<\/p><p>N\u00e3o \u00e9 importante, enquanto estamos na escola, compreender esse problema da depend\u00eancia para que possamos crescer sem depender de ningu\u00e9m interiormente? Isso requer muita intelig\u00eancia, muita investiga\u00e7\u00e3o. Certamente, \u00e9 fun\u00e7\u00e3o da educa\u00e7\u00e3o ajudar a libertar a mente de qualquer sentimento de medo que gere depend\u00eancia. Sendo dependentes, dizemos: \u201cComo posso me libertar da depend\u00eancia?\u201d Mas se algu\u00e9m entendesse o processo, as formas de depend\u00eancia, ent\u00e3o n\u00e3o haveria problema de como se livrar disso. O pr\u00f3prio entendimento liberta a mente da depend\u00eancia.<\/p><p><strong>Interrogante:<\/strong> O que \u00e9 uma estrela?<\/p><p><strong>Krishnamurti:<\/strong> Lamento n\u00e3o poder lhe dar uma explica\u00e7\u00e3o cient\u00edfica. Voc\u00ea pode descobrir o que \u00e9 uma estrela em qualquer livro cient\u00edfico ou com o seu professor de ci\u00eancias.<\/p><p>Voc\u00ea j\u00e1 olhou para uma estrela? O que voc\u00ea sente quando olha para uma estrela? Quando voc\u00ea olha para o c\u00e9u \u00e0 noite e v\u00ea os muitos milhares, milh\u00f5es de estrelas e planetas, o que voc\u00ea sente? Voc\u00ea apenas olha e se afasta? A maioria de n\u00f3s faz isso. Estamos conversando com algu\u00e9m e dizemos: \u201cOlhe para as estrelas e a Lua, que noite linda\u201d, e a partir disso continuamos com nossa conversa. Mas, se voc\u00ea est\u00e1 sozinho ou com pessoas que nem sempre est\u00e3o tagarelando ou conversando, mas que querem ver as coisas, ent\u00e3o quando voc\u00ea olha para as estrelas, o que voc\u00ea sente? Voc\u00ea se sente pequeno neste vasto universo ou voc\u00ea sente que ele \u00e9 parte de voc\u00ea, a coisa toda \u2013 as estrelas, a Lua, as \u00e1rvores e o rio? Voc\u00ea tem tempo para olhar e descobrir o seu pr\u00f3prio sentimento?<\/p><p>Como \u00e9 dif\u00edcil olhar para algo belo sem que a mente interfira, sem que a mente com suas mem\u00f3rias diga: \u201cEsta n\u00e3o \u00e9 uma noite t\u00e3o boa quanto a outra noite. N\u00e3o \u00e9 t\u00e3o bonito quanto no ano passado. Est\u00e1 muito frio, eu n\u00e3o consigo olhar.\u201d A mente nunca olha sem palavras, sem compara\u00e7\u00e3o. \u00c9 somente quando voc\u00ea olha sem compara\u00e7\u00e3o ou sem palavras que as estrelas, a Terra, as \u00e1rvores, a Lua e a luz na \u00e1gua t\u00eam um significado extraordin\u00e1rio. Nisso existe uma grande beleza. Para olhar sem compara\u00e7\u00e3o \u00e9 preciso entender a mente, pois \u00e9 a mente que olha, \u00e9 a mente que interpreta o que v\u00ea dando-lhe um nome. A pr\u00f3pria nomea\u00e7\u00e3o de uma coisa pela mente torna-se uma maneira de afast\u00e1-la.<\/p><p>Ent\u00e3o, quando voc\u00ea olhar para uma estrela, um p\u00e1ssaro ou uma \u00e1rvore, descubra o que est\u00e1 acontecendo com voc\u00ea enquanto voc\u00ea olha, e isso revelar\u00e1 muito sobre voc\u00ea.<\/p><p><strong>Interrogante:<\/strong> O homem fez grande progresso no mundo material. Por que n\u00e3o vemos progresso em outras dire\u00e7\u00f5es?<\/p><p><strong>Krishnamurti:<\/strong> Est\u00e1 bastante claro porque progredimos no mundo material, especialmente no novo mundo onde h\u00e1 uma grande quantidade de energia, uma grande libera\u00e7\u00e3o de capacidade intelectual. Quando voc\u00ea est\u00e1 colonizando um novo mundo, voc\u00ea tem que inventar, tem que lutar. O homem progrediu do arco e flecha para a bomba at\u00f4mica, do carro de boi para o avi\u00e3o a jato que percorre cerca de 1600 milhas por hora. Isso geralmente \u00e9 chamado de progresso. Mas, h\u00e1 progresso em alguma outra dire\u00e7\u00e3o, interiormente? Voc\u00ea, como indiv\u00edduo, progrediu interiormente? Voc\u00ea encontrou alguma coisa para si mesmo?<\/p><p>Sabemos o que outras pessoas disseram, o que outras pessoas descobriram. Mas, encontramos alguma coisa para n\u00f3s mesmos? Somos mais caridosos, mais gentis? Nossas mentes est\u00e3o mais expansivas e alertas interiormente? Afastamos o medo? Sem essas coisas, progredir no mundo \u00e9 destruir a n\u00f3s mesmos.<\/p><p><strong>Interrogante:<\/strong> O que \u00e9 Deus?<\/p><p><strong>Krishnamurti:<\/strong> Voc\u00ea sabe que para o alde\u00e3o, para o campon\u00eas, Deus \u00e9 aquela pequena imagem diante da qual ele coloca algumas flores. As pessoas primitivas chamam o trov\u00e3o de Deus, e outros veneram as \u00e1rvores e a natureza. Em algum momento, o homem venerava a macieira e a oliveira na Europa. H\u00e1 pessoas na \u00cdndia atualmente que veneram as \u00e1rvores.<\/p><p>Entre em qualquer templo e l\u00e1 voc\u00ea ver\u00e1 uma imagem coberta de \u00f3leo, grinaldas e joias, voc\u00ea chama isso de seu Deus, coloca flores e faz puja diante disso. Voc\u00ea pode ir mais longe e criar uma imagem em sua mente, uma ideia que nasce da sua pr\u00f3pria tradi\u00e7\u00e3o, da sua pr\u00f3pria forma\u00e7\u00e3o e voc\u00ea chama isso de seu Deus. O homem que jogou a bomba at\u00f4mica pensou que Deus estava ao seu lado. Todo senhor da guerra, desde Hitler e Kitchner at\u00e9 qualquer pequeno general, invoca Deus. Essa imagem ou essa ideia \u00e9 realmente Deus? Ou Deus \u00e9 algo inimagin\u00e1vel, n\u00e3o mensur\u00e1vel por nossas mentes?<\/p><p>Deus \u00e9 algo totalmente insond\u00e1vel para n\u00f3s e s\u00f3 surge quando nossas mentes est\u00e3o quietas, quando nossas mentes n\u00e3o est\u00e3o projetando, lutando. Quando a mente estiver quieta, ent\u00e3o talvez saibamos o que \u00e9 Deus.<\/p><p>Ent\u00e3o, \u00e9 muito importante, enquanto somos jovens, n\u00e3o sermos pegos pela palavra \u201cDeus\u201d, n\u00e3o aceitar o que nos dizem que Deus \u00e9. H\u00e1 muitas pessoas ansiosas para nos dizer o que Deus \u00e9. Mas, devemos examinar o que elas dizem. E h\u00e1 muitas pessoas que tamb\u00e9m dizem que Deus n\u00e3o existe. N\u00f3s n\u00e3o devemos tamb\u00e9m ser pegos pelo que elas dizem, mas devemos examinar com igual cuidado. O que acredita e o que n\u00e3o acredita jamais encontrar\u00e3o Deus. \u00c9 somente quando a mente est\u00e1 livre da cren\u00e7a e da descren\u00e7a, \u00e9 somente quando a mente est\u00e1 quieta que existe a possibilidade de encontrar Deus.<\/p><p>N\u00f3s nunca somos informados sobre essas coisas. Desde a inf\u00e2ncia lhe dizem que Deus existe, e voc\u00ea repete isso. Quando voc\u00ea for a algum guru, ele lhe dir\u00e1: \u201cDeus existe, fa\u00e7a isto e aquilo, repita este mantra, fa\u00e7a aquele puja, pratique tal e tal disciplina e voc\u00ea encontrar\u00e1 Deus\u201d. Voc\u00ea pode fazer tudo isso, mas o que voc\u00ea encontrar n\u00e3o ser\u00e1 Deus, ser\u00e1 apenas a sua pr\u00f3pria proje\u00e7\u00e3o, a proje\u00e7\u00e3o do que voc\u00ea quer.<\/p><p>Tudo isso \u00e9 dif\u00edcil e requer muita reflex\u00e3o e investiga\u00e7\u00e3o. \u00c9 por isso que quando voc\u00ea est\u00e1 em uma escola deste tipo, voc\u00ea deve crescer em liberdade para que sua mente possa encontrar por si mesma, possa descobrir, ent\u00e3o a mente se torna criativa, surpreendentemente alerta.<\/p><p><strong>Interrogante:<\/strong> Por que um ser humano sofre, embora fa\u00e7a o melhor que pode com qualquer capacidade que tenha?<\/p><p><strong>Krishnamurti:<\/strong> Qualquer que seja a capacidade que eu possua, no pr\u00f3prio ato de fazer, por que me sinto triste quando n\u00e3o consigo realizar, quando n\u00e3o consigo cumprir minha inten\u00e7\u00e3o? Quando voc\u00ea est\u00e1 fazendo algo com o melhor de sua capacidade, por que voc\u00ea se sente triste? N\u00e3o \u00e9 simples essa pergunta?<\/p><p>N\u00e3o estamos satisfeitos em apenas fazer o que gostamos de fazer, queremos que o que fazemos seja um sucesso. Para n\u00f3s, o fazer n\u00e3o \u00e9 importante, mas sim o que o sucesso, o resultado, o que o fazer trar\u00e1. Quando a nossa a\u00e7\u00e3o n\u00e3o \u00e9 bem-sucedida, quando n\u00e3o produz o que queremos nos sentimos tristes. A motiva\u00e7\u00e3o por tr\u00e1s da nossa a\u00e7\u00e3o \u00e9 o nosso desejo por sucesso, poder, nosso desejo por reconhecimento, posi\u00e7\u00e3o, status. Queremos que algu\u00e9m nos diga o qu\u00e3o maravilhosamente temos feito. Tudo isso significa que realmente nunca sabemos amar uma coisa e faz\u00ea-la apenas por si mesma, n\u00e3o pelo que ela trar\u00e1. Fazemos tudo com um olho no sucesso, no futuro, no amanh\u00e3 e quando o amanh\u00e3 n\u00e3o chega nos sentimos miser\u00e1veis; isso porque nunca fazemos nada por amor \u00e0 coisa em si.<\/p><p>H\u00e1 muitos aqui que s\u00e3o professores e outros que s\u00e3o grandes empres\u00e1rios ou funcion\u00e1rios. Por que voc\u00ea est\u00e1 nessas profiss\u00f5es? N\u00e3o porque voc\u00ea ama o que faz, mas porque n\u00e3o h\u00e1 mais nada para voc\u00ea fazer. Portanto, o que quer que voc\u00ea fa\u00e7a, voc\u00ea quer que seja bem-sucedido. Voc\u00ea quer surfar na onda do sucesso e, por isso est\u00e1 sempre competindo, lutando, destruindo as capacidades da mente.<\/p><p><strong>Interrogante:<\/strong> Como podemos viver uma vida sem experi\u00eancia e mem\u00f3ria?<\/p><p><strong>Krishnamurti:<\/strong> Voc\u00ea se lembra do que eu disse outro dia? Voc\u00ea quer saber como se livrar da mem\u00f3ria. Ou seja, voc\u00ea quer encontrar um m\u00e9todo, um sistema. Mas o sistema, o m\u00e9todo s\u00f3 lhe d\u00e1 mais experi\u00eancia, ele s\u00f3 cultiva a mem\u00f3ria, n\u00e3o \u00e9? Quando eu sei como fazer uma coisa, isso se torna um h\u00e1bito. Se eu sei ler e escrever, o \u201ccomo\u201d passa a fazer parte da minha mem\u00f3ria e com essa mem\u00f3ria eu escrevo e reconhe\u00e7o cada palavra, cada s\u00edlaba.<\/p><p>Quando eu disse outro dia era sobre algo totalmente diferente. Eu disse que a vida \u00e9 um processo de experi\u00eancia e mem\u00f3ria. O pr\u00f3prio viver \u00e9 experi\u00eancia, e a experi\u00eancia cria tradi\u00e7\u00e3o, mem\u00f3ria. E com essa tradi\u00e7\u00e3o, mem\u00f3ria e h\u00e1bito n\u00f3s vivemos. Portanto, nunca h\u00e1 nada de novo. N\u00e3o \u00e9 poss\u00edvel viver com uma experi\u00eancia que n\u00e3o corrompa, que n\u00e3o se torne apenas uma mem\u00f3ria atrav\u00e9s da qual se olha para a vida? Discutimos isso com muito cuidado, mas \u00e9 preciso entrar detalhadamente em muitos pontos de vista diferentes para entender todo o significado disso.<\/p><p><strong>Interrogante:<\/strong> A hist\u00f3ria prova a exist\u00eancia de Deus?<\/p><p><strong>Krishnamurti:<\/strong> \u00c9 uma quest\u00e3o de prova? A hist\u00f3ria pode ou n\u00e3o provar que Deus existe ou n\u00e3o. Milh\u00f5es dizem que Deus existe, e milh\u00f5es dizem igualmente de forma enf\u00e1tica que Deus n\u00e3o existe. Cada lado cita autoridades, hist\u00f3ria, prova cient\u00edfica.<\/p><p>A mente \u00e9 assustada, ela quer algo em que possa confiar, algo em que possa depender. A mente quer algo permanente ao qual possa se agarrar. Com esse desejo de perman\u00eancia, ela procura autoridade de forma negativa ou positiva. Quando procura autoridade naqueles que dizem que n\u00e3o h\u00e1 Deus, ela repete e diz: \u201cN\u00e3o h\u00e1 Deus\u201d. A mente est\u00e1 perfeitamente satisfeita com essa cren\u00e7a. E h\u00e1 aqueles que, buscando perman\u00eancia, dizem que Deus existe. Portanto, a mente se agarra a isso e procura provar atrav\u00e9s da hist\u00f3ria, dos livros, atrav\u00e9s das experi\u00eancias de outras pessoas que Deus existe, mas isso n\u00e3o \u00e9 a realidade, isso n\u00e3o \u00e9 Deus.<\/p><p>A mente deve estar livre, desde o in\u00edcio, para descobrir o que \u00e9 Deus. E a mente n\u00e3o \u00e9 livre quando procura seguran\u00e7a, quando procura perman\u00eancia, quando est\u00e1 presa pelo medo.<\/p><p>18\/01\/1954<\/p>\t\t\t\t\t\t\t\t<\/div>\n\t\t\t\t<\/div>\n\t\t\t\t\t<\/div>\n\t\t<\/div>\n\t\t\t\t\t<\/div>\n\t\t<\/section>\n\t\t\t\t<\/div>\n\t\t","protected":false},"excerpt":{"rendered":"<p>\u00a011\u00b0 Conversa com alunos da escola Rajghat \u2013 Banaras, \u00cdndia Acho que devemos falar sobre algo do qual alguns de n\u00f3s podem estar cientes, isto \u00e9, o desejo peculiar de poder sobre os outros e sobre si mesmo que a maioria de n\u00f3s tem. Eu acho que o poder \u00e9 um dos desejos mais profundos, [&hellip;]<\/p>\n","protected":false},"author":1,"featured_media":0,"parent":0,"menu_order":0,"comment_status":"closed","ping_status":"closed","template":"elementor_canvas","meta":{"footnotes":""},"class_list":["post-1701","page","type-page","status-publish","hentry","entry"],"_links":{"self":[{"href":"https:\/\/krishnamurtitextos.com.br\/index.php?rest_route=\/wp\/v2\/pages\/1701","targetHints":{"allow":["GET"]}}],"collection":[{"href":"https:\/\/krishnamurtitextos.com.br\/index.php?rest_route=\/wp\/v2\/pages"}],"about":[{"href":"https:\/\/krishnamurtitextos.com.br\/index.php?rest_route=\/wp\/v2\/types\/page"}],"author":[{"embeddable":true,"href":"https:\/\/krishnamurtitextos.com.br\/index.php?rest_route=\/wp\/v2\/users\/1"}],"replies":[{"embeddable":true,"href":"https:\/\/krishnamurtitextos.com.br\/index.php?rest_route=%2Fwp%2Fv2%2Fcomments&post=1701"}],"version-history":[{"count":4,"href":"https:\/\/krishnamurtitextos.com.br\/index.php?rest_route=\/wp\/v2\/pages\/1701\/revisions"}],"predecessor-version":[{"id":1708,"href":"https:\/\/krishnamurtitextos.com.br\/index.php?rest_route=\/wp\/v2\/pages\/1701\/revisions\/1708"}],"wp:attachment":[{"href":"https:\/\/krishnamurtitextos.com.br\/index.php?rest_route=%2Fwp%2Fv2%2Fmedia&parent=1701"}],"curies":[{"name":"wp","href":"https:\/\/api.w.org\/{rel}","templated":true}]}}