{"id":147,"date":"2022-11-27T11:50:22","date_gmt":"2022-11-27T11:50:22","guid":{"rendered":"https:\/\/krishnamurtitextos.com.br\/?page_id=147"},"modified":"2022-12-30T21:36:59","modified_gmt":"2022-12-30T21:36:59","slug":"01-07-1933","status":"publish","type":"page","link":"https:\/\/krishnamurtitextos.com.br\/?page_id=147","title":{"rendered":"01\/07\/1933"},"content":{"rendered":"\t\t<div data-elementor-type=\"wp-page\" data-elementor-id=\"147\" class=\"elementor elementor-147\">\n\t\t\t\t\t\t<section class=\"elementor-section elementor-top-section elementor-element elementor-element-67a505bc elementor-section-boxed elementor-section-height-default elementor-section-height-default\" data-id=\"67a505bc\" data-element_type=\"section\" data-e-type=\"section\">\n\t\t\t\t\t\t<div class=\"elementor-container elementor-column-gap-default\">\n\t\t\t\t\t<div class=\"elementor-column elementor-col-100 elementor-top-column elementor-element elementor-element-71ae6873\" data-id=\"71ae6873\" data-element_type=\"column\" data-e-type=\"column\">\n\t\t\t<div class=\"elementor-widget-wrap elementor-element-populated\">\n\t\t\t\t\t\t<div class=\"elementor-element elementor-element-24e52641 elementor-widget elementor-widget-text-editor\" data-id=\"24e52641\" data-element_type=\"widget\" data-e-type=\"widget\" data-widget_type=\"text-editor.default\">\n\t\t\t\t<div class=\"elementor-widget-container\">\n\t\t\t\t\t\t\t\t\t<p><\/p>\n<p><\/p>\n<div>\u00a0<\/div>\n<figure class=\"wp-block-embed\">\n<div class=\"wp-block-embed__wrapper\" style=\"text-align: center;\"><strong>Alpino, It\u00e1lia \u2013 1\u00aa palestra<\/strong><\/div>\n<\/figure>\n<p><\/p>\n<p><\/p>\n<p>Amigos, eu gostaria que fizessem uma descoberta viva, n\u00e3o uma descoberta induzida pela descri\u00e7\u00e3o de outros. Se algu\u00e9m, por exemplo, lhes tivesse falado sobre este cen\u00e1rio, voc\u00eas teriam vindo com suas mentes preparadas por essa descri\u00e7\u00e3o, e talvez ficassem depois desapontados pela realidade. Ningu\u00e9m pode descrever a realidade. Voc\u00eas devem experiment\u00e1-la, v\u00ea-la, sentir toda sua atmosfera. Quando virem sua beleza e graciosidade, experimentar\u00e3o uma renova\u00e7\u00e3o, uma acelera\u00e7\u00e3o na alegria.<\/p>\n<p>A maioria das pessoas que pensam que est\u00e3o \u00e0 procura da verdade prepararam suas mentes para receb\u00ea-la estudando descri\u00e7\u00f5es do que procuram. Quando se examina religi\u00f5es e filosofias, descobre-se que todas elas tentaram descrever a realidade; elas tentaram descrever a verdade para sua orienta\u00e7\u00e3o.<\/p>\n<p>Agora, n\u00e3o vou tentar descrever o que \u00e9 para mim a verdade, porque isso seria uma tentativa imposs\u00edvel. N\u00e3o se pode descrever ou dar aos outros a plenitude de uma experi\u00eancia. Cada um deve viv\u00ea-la por si pr\u00f3prio.<\/p>\n<p>Como a maioria das pessoas, voc\u00eas leram, ouviram e imitaram; voc\u00eas tentaram descobrir o que os outros disseram sobre a verdade e Deus, sobre a vida e a imortalidade. Possuem, portanto, uma imagem na mente, e querem agora comparar essa imagem com o que eu vou dizer. Ou seja, sua mente procura apenas por descri\u00e7\u00f5es; voc\u00eas n\u00e3o tentam descobrir de novo, tentam apenas comparar. Mas como eu n\u00e3o vou tentar descrever a verdade, porque ela n\u00e3o pode ser descrita, haver\u00e1 naturalmente confus\u00e3o em sua mente.<\/p>\n<p>Quando voc\u00ea tem diante de si uma imagem que est\u00e1 tentando copiar ou se at\u00eam a um ideal que est\u00e1 tentando seguir, voc\u00ea nunca poder\u00e1 enfrentar uma experi\u00eancia completamente; voc\u00ea nunca \u00e9 franco, nunca \u00e9 verdadeiro em rela\u00e7\u00e3o a si mesmo e as suas pr\u00f3prias a\u00e7\u00f5es; voc\u00ea est\u00e1 sempre se protegendo com um ideal. Se realmente sondarem sua mente e seu cora\u00e7\u00e3o, descobrir\u00e3o que v\u00eam aqui para obter algo novo, uma ideia nova, uma sensa\u00e7\u00e3o nova, uma nova explica\u00e7\u00e3o de vida para que possam moldar sua pr\u00f3pria vida de acordo com isso. Portanto, est\u00e3o realmente \u00e0 procura de uma explica\u00e7\u00e3o satisfat\u00f3ria. N\u00e3o vieram com uma atitude de frescor, para que com sua pr\u00f3pria percep\u00e7\u00e3o, com sua pr\u00f3pria intensidade, voc\u00eas possam descobrir a alegria da a\u00e7\u00e3o natural e espont\u00e2nea. Muitos de voc\u00eas procuram apenas a explica\u00e7\u00e3o descritiva da verdade, pensando que se conseguirem descobrir o que \u00e9 a verdade, poder\u00e3o moldar suas vidas de acordo com essa luz eterna.<\/p>\n<p>Se for esse o motivo da sua procura, ent\u00e3o n\u00e3o se trata de uma busca pela verdade. \u00c9 mais propriamente uma busca de consolo, de conforto; n\u00e3o \u00e9 mais que uma tentativa de escapar aos inumer\u00e1veis conflitos e batalhas que voc\u00ea tem que enfrentar todos os dias.<\/p>\n<p>Do sofrimento nasceu o impulso de buscar a verdade; no sofrimento reside a causa da investiga\u00e7\u00e3o insistente, da procura pela verdade. No entanto quando sofrem \u2013 pois todos sofrem \u2013 voc\u00eas buscam um rem\u00e9dio e conforto imediatos. Quando sentem uma dor f\u00edsica moment\u00e2nea, voc\u00eas obt\u00eam um paliativo na farm\u00e1cia mais pr\u00f3xima para atenuar seu sofrimento. Da mesma forma, quando experimentam uma ang\u00fastia mental ou emocional moment\u00e2nea, voc\u00eas procuram consolo e imaginam que tentar encontrar al\u00edvio para a dor \u00e9 a busca pela verdade. Dessa forma, voc\u00eas est\u00e3o continuamente \u00e0 procura de uma compensa\u00e7\u00e3o para suas dores, uma compensa\u00e7\u00e3o pelo esfor\u00e7o que s\u00e3o obrigados a fazer. Voc\u00eas evitam a causa principal do sofrimento e vivem, portanto, uma vida ilus\u00f3ria.<\/p>\n<p>Portanto, essas pessoas que est\u00e3o sempre proclamando que est\u00e3o buscando a verdade est\u00e3o, na verdade, perdendo-a. Elas chegaram \u00e0 conclus\u00e3o de que suas vidas s\u00e3o insuficientes, incompletas, com falta de amor, e pensam que tentando buscar a verdade encontrar\u00e3o satisfa\u00e7\u00e3o e conforto. Se tiverem a franqueza de dizer a voc\u00eas pr\u00f3prios que est\u00e3o apenas \u00e0 procura de consolo e compensa\u00e7\u00e3o pelas dificuldades da vida, ser\u00e3o capazes de procurar resolver o problema de forma inteligente.<\/p>\n<p>Mas enquanto fingirem que est\u00e3o \u00e0 procura de algo mais do que simples compensa\u00e7\u00e3o, voc\u00eas n\u00e3o poder\u00e3o ver a quest\u00e3o com clareza. A primeira coisa a descobrir, portanto, \u00e9 se est\u00e3o realmente \u00e0 procura, fundamentalmente \u00e0 procura da verdade.<\/p>\n<p>Um homem que procura a verdade n\u00e3o \u00e9 um disc\u00edpulo da verdade. Suponham que me digam: \u201cN\u00e3o tive amor em minha vida; foi uma vida pobre, uma vida de constante sofrimento; por isso, para obter conforto, procuro a verdade\u201d. Devo ent\u00e3o chamar a aten\u00e7\u00e3o para o fato de que sua procura por conforto \u00e9 uma total ilus\u00e3o. Na vida n\u00e3o existe conforto e seguran\u00e7a. A primeira coisa a perceber \u00e9 que voc\u00eas devem ser absolutamente francos.<\/p>\n<p>Mas voc\u00eas pr\u00f3prios n\u00e3o est\u00e3o certos do que realmente querem, querem conforto, consola\u00e7\u00e3o, compensa\u00e7\u00e3o e, no entanto, ao mesmo tempo, querem algo que \u00e9 infinitamente maior que a compensa\u00e7\u00e3o e o conforto. A sua mente est\u00e1 t\u00e3o confusa que num momento voc\u00eas confiam numa autoridade que lhes oferece compensa\u00e7\u00e3o e conforto e, no momento seguinte, voltam-se para outra que lhes nega conforto. A sua vida, portanto, torna-se numa refinada e hip\u00f3crita exist\u00eancia, uma vida de confus\u00e3o. Tentem descobrir o que voc\u00eas realmente pensam; n\u00e3o finjam pensar o que acham que devem pensar; ent\u00e3o, se estiverem conscientes, totalmente vivos no que est\u00e3o fazendo, saber\u00e3o por voc\u00eas pr\u00f3prios, sem autoan\u00e1lise, o que realmente desejam. Se forem totalmente respons\u00e1veis nos seus atos, saber\u00e3o ent\u00e3o sem autoan\u00e1lise o que realmente procuram. Esse processo de descoberta n\u00e3o precisa de grande for\u00e7a de vontade, de grande vigor, mas apenas de interesse em descobrir o que pensam, descobrir se realmente s\u00e3o honestos ou se vivem numa ilus\u00e3o.<\/p>\n<p>Ao falar com grupos de ouvintes em todo o mundo, descubro que cada vez mais pessoas parecem n\u00e3o compreender o que eu digo, porque elas v\u00eam com ideias fixas; elas ouvem com sua atitude tendenciosa, sem tentar descobrir o que tenho para dizer, mas apenas esperando encontrar o que secretamente desejam. \u00c9 in\u00fatil dizer: \u201cAqui est\u00e1 um novo ideal pelo qual devo me moldar\u201d. Em vez disso, descubram o que realmente sentem e pensam.<\/p>\n<p>Como podem descobrir aquilo que realmente sentem e pensam? Do meu ponto de vista, voc\u00eas s\u00f3 o poder\u00e3o fazer estando ciente de toda sua vida. Ent\u00e3o, descobriram at\u00e9 que ponto s\u00e3o escravos dos seus ideais e, descobrindo isso, ver\u00e3o que criaram ideais apenas para sua consola\u00e7\u00e3o.<\/p>\n<p>Onde existe dualidade, onde existe opostos deve haver a consci\u00eancia de incompletude. A mente est\u00e1 presa entre opostos, tais como puni\u00e7\u00e3o e recompensa, bem e mal, passado e futuro, ganho e perda. O pensamento est\u00e1 preso nessa dualidade e, portanto, h\u00e1 incompletude na a\u00e7\u00e3o. Essa incompletude gera sofrimento, o conflito da escolha, esfor\u00e7o e autoridade, e a fuga do n\u00e3o essencial para o essencial.<\/p>\n<p>Quando se sentem incompletos, vazios, desse sentimento de vazio surge o sofrimento; a partir dessa incompletude, voc\u00eas criam padr\u00f5es, ideais para sustent\u00e1-los em seu vazio, e voc\u00eas estabelecem esses padr\u00f5es e ideais como sendo sua autoridade externa. Qual \u00e9 a causa interna da autoridade externa que criam para si mesmos? Primeiro, sentem-se incompletos e sofrem por causa dessa incompletude. Enquanto voc\u00eas n\u00e3o compreenderem a causa da autoridade, n\u00e3o passar\u00e3o de uma m\u00e1quina imitativa, e onde existe imita\u00e7\u00e3o n\u00e3o pode haver a preciosa realiza\u00e7\u00e3o da vida. Para compreender a causa da autoridade dever\u00e3o acompanhar o processo mental e emocional que a cria. Em primeiro lugar, voc\u00eas se sentem vazios, e para se livrarem desse sentimento voc\u00eas fazem um esfor\u00e7o; ao fazer esse esfor\u00e7o, voc\u00eas est\u00e3o apenas criando opostos, voc\u00eas criam uma dualidade que apenas aumenta a incompletude e o vazio. Voc\u00eas s\u00e3o respons\u00e1veis por autoridades externas tais como religi\u00e3o, pol\u00edtica, moralidade, por autoridades tais como padr\u00f5es econ\u00f4micos e sociais. Devido ao seu vazio, a sua incompletude, voc\u00eas criaram esses padr\u00f5es externos dos quais tentam se libertar agora. Ao evoluir, ao se desenvolver, ao se afastar deles, voc\u00eas querem criar uma lei interna para voc\u00eas pr\u00f3prios. \u00c0 medida que v\u00e3o compreendendo os padr\u00f5es externos, voc\u00eas querem libertar-se deles e desenvolver seu pr\u00f3prio padr\u00e3o interno. Esse padr\u00e3o interno, que voc\u00eas chamam de \u201crealidade espiritual\u201d, voc\u00eas identificam-no com uma lei c\u00f3smica, o que significa que voc\u00eas n\u00e3o criaram sen\u00e3o outra divis\u00e3o, outra dualidade.<\/p>\n<p>Portanto, primeiro criam uma lei externa, e depois procuram se libertar dela desenvolvendo uma lei interna, que voc\u00eas identificam com o universo, com o todo. \u00c9 isso que est\u00e1 acontecendo. Voc\u00eas continuam conscientes do seu ego\u00edsmo que agora o identificam com uma grande ilus\u00e3o, chamando-o de \u201cc\u00f3smico\u201d. Portanto, quando dizem: \u201cEu obede\u00e7o a minha lei interna\u201d, voc\u00eas n\u00e3o est\u00e3o sen\u00e3o utilizando uma express\u00e3o para encobrir seu desejo de fuga. Para mim, o homem que est\u00e1 ligado seja a uma lei externa ou interna est\u00e1 enclausurado numa pris\u00e3o, est\u00e1 dominado por uma ilus\u00e3o. Por isso, um homem assim n\u00e3o pode compreender a a\u00e7\u00e3o espont\u00e2nea, natural e saud\u00e1vel.<\/p>\n<p>Agora, por que voc\u00eas criam leis internas para si pr\u00f3prios? N\u00e3o ser\u00e1 porque a luta da vida di\u00e1ria \u00e9 t\u00e3o grande, t\u00e3o inarm\u00f4nica, que voc\u00eas querem escapar dela e criar uma lei interior que se torne seu conforto? E tornam-se escravos dessa autoridade interna, desse padr\u00e3o interno, porque voc\u00eas rejeitaram apenas a imagem externa e criaram em seu lugar uma imagem interna \u00e0 qual se escravizaram.<\/p>\n<p>Por esse m\u00e9todo n\u00e3o alcan\u00e7ar\u00e3o o verdadeiro discernimento, e o discernimento \u00e9 completamente diferente de escolha. A escolha tem que existir onde houver dualidade. Quando a mente est\u00e1 incompleta e est\u00e1 consciente dessa incompletude, ela tenta escapar disso e, portanto, cria um oposto a essa incompletude. Esse oposto pode ser um padr\u00e3o tanto externo como interno, e uma vez estabelecido esse padr\u00e3o, julga-se cada a\u00e7\u00e3o, cada experi\u00eancia por esse padr\u00e3o e, portanto, vivem em um estado cont\u00ednuo de escolha. A escolha nasce apenas da resist\u00eancia. Se houver discernimento, n\u00e3o h\u00e1 esfor\u00e7o.<\/p>\n<p>Portanto, para mim toda essa concep\u00e7\u00e3o de fazer um esfor\u00e7o em dire\u00e7\u00e3o \u00e0 verdade, em dire\u00e7\u00e3o \u00e0 realidade, essa ideia de efetuar um esfor\u00e7o continuado, \u00e9 absolutamente falsa. Enquanto estiverem incompletos experimentar\u00e3o sofrimento e, portanto, estar\u00e3o comprometidos com a escolha, com o esfor\u00e7o, com a luta incessante por aquilo que voc\u00eas chamam de \u201cconquista espiritual\u201d. Por isso, eu digo que quando a mente est\u00e1 presa \u00e0 autoridade, ela n\u00e3o pode ter compreens\u00e3o verdadeira, pensamento verdadeiro. E como a mente da maioria de voc\u00eas est\u00e3o presas \u00e0 autoridade \u2013 que \u00e9 apenas uma fuga da compreens\u00e3o, do discernimento \u2013 voc\u00eas n\u00e3o poder\u00e3o enfrentar completamente a experi\u00eancia da vida. Portanto, voc\u00eas vivem uma vida dual, uma vida de apar\u00eancia, de hipocrisia, uma vida em que n\u00e3o h\u00e1 momento de completude.<\/p>\n<p><\/p>\n<p>01\/07\/1933.<\/p>\n<p><\/p>\t\t\t\t\t\t\t\t<\/div>\n\t\t\t\t<\/div>\n\t\t\t\t\t<\/div>\n\t\t<\/div>\n\t\t\t\t\t<\/div>\n\t\t<\/section>\n\t\t\t\t<\/div>\n\t\t","protected":false},"excerpt":{"rendered":"<p>Amigos, eu gostaria que fizessem uma descoberta viva, n\u00e3o uma descoberta induzida pela descri\u00e7\u00e3o de outros. Se algu\u00e9m, por exemplo, lhes tivesse falado sobre este cen\u00e1rio, voc\u00eas teriam vindo com suas mentes preparadas por essa descri\u00e7\u00e3o, e talvez ficassem depois desapontados pela realidade. Ningu\u00e9m pode descrever a realidade. Voc\u00eas devem experiment\u00e1-la, v\u00ea-la, sentir toda sua [&hellip;]<\/p>\n","protected":false},"author":1,"featured_media":0,"parent":0,"menu_order":0,"comment_status":"closed","ping_status":"closed","template":"elementor_canvas","meta":{"footnotes":""},"class_list":["post-147","page","type-page","status-publish","hentry","entry"],"_links":{"self":[{"href":"https:\/\/krishnamurtitextos.com.br\/index.php?rest_route=\/wp\/v2\/pages\/147","targetHints":{"allow":["GET"]}}],"collection":[{"href":"https:\/\/krishnamurtitextos.com.br\/index.php?rest_route=\/wp\/v2\/pages"}],"about":[{"href":"https:\/\/krishnamurtitextos.com.br\/index.php?rest_route=\/wp\/v2\/types\/page"}],"author":[{"embeddable":true,"href":"https:\/\/krishnamurtitextos.com.br\/index.php?rest_route=\/wp\/v2\/users\/1"}],"replies":[{"embeddable":true,"href":"https:\/\/krishnamurtitextos.com.br\/index.php?rest_route=%2Fwp%2Fv2%2Fcomments&post=147"}],"version-history":[{"count":4,"href":"https:\/\/krishnamurtitextos.com.br\/index.php?rest_route=\/wp\/v2\/pages\/147\/revisions"}],"predecessor-version":[{"id":154,"href":"https:\/\/krishnamurtitextos.com.br\/index.php?rest_route=\/wp\/v2\/pages\/147\/revisions\/154"}],"wp:attachment":[{"href":"https:\/\/krishnamurtitextos.com.br\/index.php?rest_route=%2Fwp%2Fv2%2Fmedia&parent=147"}],"curies":[{"name":"wp","href":"https:\/\/api.w.org\/{rel}","templated":true}]}}